{"id":507,"date":"2018-02-08T08:23:26","date_gmt":"2018-02-08T08:23:26","guid":{"rendered":"http:\/\/www.learningpro.ro\/?page_id=507"},"modified":"2018-06-11T09:50:50","modified_gmt":"2018-06-11T09:50:50","slug":"limbi-straine","status":"publish","type":"page","link":"https:\/\/www.learningpro.ro\/en\/learning-technologies\/limbi-straine\/","title":{"rendered":"Foreign Languages"},"content":{"rendered":"<p>[vc_row full_width=&#8221;stretch_row&#8221; css=&#8221;.vc_custom_1518080507773{padding-top: 110px !important;padding-bottom: 110px !important;background-image: url(http:\/\/www.learningpro.ro\/wp-content\/uploads\/2018\/02\/speexx.jpg?id=509) !important;background-position: center !important;background-repeat: no-repeat !important;background-size: cover !important;}&#8221;][vc_column][vc_column_text el_class=&#8221;alb&#8221;]<\/p>\n<h1>Foreign Languages<\/h1>\n<h3>We are offering organizations <strong>Speexx<\/strong> language learning solutions<\/h3>\n<h4 data-fontsize=\"30\" data-lineheight=\"37\">Online and mobile language training for a global workforce<\/h4>\n<p>[\/vc_column_text][\/vc_column][\/vc_row][vc_row][vc_column][vc_column_text]<\/p>\n<h2 style=\"text-align: center;\">Perfect Blend<\/h2>\n<p>[\/vc_column_text][vc_separator color=&#8221;custom&#8221; border_width=&#8221;3&#8243; el_width=&#8221;30&#8243; accent_color=&#8221;#ff0f5f&#8221;][vc_column_text]<strong>The Perfect Blend is a modular, scalable language learning tool that delivers training at the point and moment of need by means of mobile technology and instant &amp; virtual coaching<\/strong> and through self-paced and social learning methods. The Perfect Blend tailors to the individual learner and scales to the need of corporations and organizations at the same time. While learners login to access interactive course materials, trainer-led activities and collaborative activities among learners, the training manager accesses the administration panel to create and view progress reports.<\/p>\n<p>Human resources managers, as well as any manager who runs teams of people who speak different languages or who coordinate activities based on interactions with customers outside of the country will find Speexx services the best fit solution to improving communication skills and increasing productivity.[\/vc_column_text][\/vc_column][\/vc_row][vc_row full_width=&#8221;stretch_row&#8221; parallax=&#8221;content-moving&#8221; parallax_image=&#8221;729&#8243;][vc_column][vc_column_text css=&#8221;.vc_custom_1518080831300{padding-top: 200px !important;padding-bottom: 200px !important;}&#8221;]<\/p>\n<p style=\"text-align: center;\"><a   class=\"button  button_size_2\"  href=\"\/cere-un-demo\/\" style=\"background-color:#ff105f!important;color:#fff;\"     title=\"\"><span class=\"button_label\">ASK A DEMO<\/span><\/a>\n<\/p>\n<p>[\/vc_column_text][\/vc_column][\/vc_row][vc_row full_width=&#8221;stretch_row&#8221; css=&#8221;.vc_custom_1518068959439{padding-top: 30px !important;background-color: #f9f9f9 !important;background-position: 0 0 !important;background-repeat: no-repeat !important;}&#8221;][vc_column][vc_row_inner equal_height=&#8221;yes&#8221; content_placement=&#8221;middle&#8221;][vc_column_inner width=&#8221;1\/2&#8243;][vc_icon icon_fontawesome=&#8221;fa fa-comments-o&#8221; color=&#8221;custom&#8221; size=&#8221;xl&#8221; custom_color=&#8221;#ff0e5f&#8221;][vc_column_text]<\/p>\n<h3>Speexx<\/h3>\n<p><strong>Speexx helps large organizations everywhere to drive productivity by empowering employee communication skills across borders. <\/strong><\/p>\n<p>Speexx offers an award-winning range of cloud-based online language learning solutions for Business English, Spanish, German, Italian and French with ongoing support in 13 languages. Speexx is easy to use and scales to the needs of users and training managers in organizations of any size.[\/vc_column_text][\/vc_column_inner][vc_column_inner width=&#8221;1\/2&#8243;][vc_column_text]<img loading=\"lazy\" decoding=\"async\" class=\"aligncenter size-medium wp-image-514\" src=\"http:\/\/www.learningpro.ro\/wp-content\/uploads\/2018\/02\/Limbi-Str\u0103ine-600x334.jpg\" alt=\"Limbi Str\u0103ine\" width=\"600\" height=\"334\" srcset=\"https:\/\/www.learningpro.ro\/wp-content\/uploads\/2018\/02\/Limbi-Str\u0103ine-600x334.jpg 600w, https:\/\/www.learningpro.ro\/wp-content\/uploads\/2018\/02\/Limbi-Str\u0103ine-768x427.jpg 768w, https:\/\/www.learningpro.ro\/wp-content\/uploads\/2018\/02\/Limbi-Str\u0103ine-260x146.jpg 260w, https:\/\/www.learningpro.ro\/wp-content\/uploads\/2018\/02\/Limbi-Str\u0103ine-50x28.jpg 50w, https:\/\/www.learningpro.ro\/wp-content\/uploads\/2018\/02\/Limbi-Str\u0103ine-135x75.jpg 135w, https:\/\/www.learningpro.ro\/wp-content\/uploads\/2018\/02\/Limbi-Str\u0103ine.jpg 800w\" sizes=\"auto, (max-width:767px) 480px, 600px\" \/>[\/vc_column_text][\/vc_column_inner][\/vc_row_inner][vc_row_inner][vc_column_inner width=&#8221;1\/2&#8243;][vc_video link=&#8221;https:\/\/youtu.be\/aGmj9PYzXpg&#8221; align=&#8221;center&#8221; css_animation=&#8221;zoomIn&#8221; title=&#8221;Armin Hopp, Founder and President of Speexx in Bucharest&#8221;][\/vc_column_inner][vc_column_inner width=&#8221;1\/2&#8243;][vc_video link=&#8221;https:\/\/youtu.be\/-xu94IXdT9Y&#8221; align=&#8221;center&#8221; css_animation=&#8221;zoomIn&#8221; title=&#8221;Meet the Speexx Partners interview \u2013 Berlin, 2017&#8243;][\/vc_column_inner][\/vc_row_inner][\/vc_column][\/vc_row][vc_row full_width=&#8221;stretch_row&#8221; css=&#8221;.vc_custom_1518068845059{padding-top: 60px !important;padding-bottom: 20px !important;background-image: url(http:\/\/www.learningpro.ro\/wp-content\/uploads\/2018\/02\/bg-02.jpg?id=428) !important;background-position: 0 0 !important;background-repeat: repeat !important;}&#8221; el_class=&#8221;alb&#8221;][vc_column][vc_row_inner equal_height=&#8221;yes&#8221; content_placement=&#8221;middle&#8221;][vc_column_inner][vc_column_text]<\/p>\n<h2>The Speexx branded Perfect Blend<\/h2>\n<p>The Speexx branded Perfect Blend integrates online business communication skills training, mobile and social learning, 1,500 expert coaches located throughout the world and personalized live online activities into one fully standardized, globally consistent learning experience. More than 8 million users in 1,500 organizations \u2013 including Renault-Nissan, Unicredit, Adecco, Daimler, Generali and Total \u2013 use Speexx to learn a language smarter and deliver results on time. Speexx was founded in 1994 and is headquartered in Munich, London, Madrid, Milan, Paris, Sao Paulo, New York and Shanghai.<\/p>\n<p>&nbsp;<\/p>\n<h3>Awards and Industry Recognition<\/h3>\n<p>With a long history of providing outstanding results for our customers, Speexx has been honored with industry recognition and more than 200 international awards. Speexx is an ADL SCORM 2004 3rd edition certified system. The Speexx language learning solution is certified annually by external auditors under the Worlddidac Quality Charter and UNI EN ISO 9001:2008. We are proud to share some of our most recent accolades with you.<\/p>\n<p><a   class=\"button  has-icon button_right button_size_2\"  href=\"\/contact\/\" style=\"background-color:#ff105f!important;color:#fff;\"     title=\"\"><span class=\"button_icon\"><i class=\"icon-phone\"  style=\"color:#fff!important;\" aria-hidden=\"true\"><\/i><\/span><span class=\"button_label\">CONTACT US<\/span><\/a>\n[\/vc_column_text][\/vc_column_inner][\/vc_row_inner][\/vc_column][\/vc_row][vc_row full_width=&#8221;stretch_row&#8221; parallax=&#8221;content-moving&#8221; parallax_image=&#8221;510&#8243;][vc_column][vc_column_text css=&#8221;.vc_custom_1518080831300{padding-top: 200px !important;padding-bottom: 200px !important;}&#8221;]<\/p>\n<p style=\"text-align: center;\"><a   class=\"button  button_size_2\"  href=\"\/cere-un-demo\/\" style=\"background-color:#ff105f!important;color:#fff;\"     title=\"\"><span class=\"button_label\">ASK A DEMO<\/span><\/a>\n<\/p>\n<p>[\/vc_column_text][\/vc_column][\/vc_row]<\/p>\n","protected":false},"excerpt":{"rendered":"<p>[vc_row full_width=&#8221;stretch_row&#8221; css=&#8221;.vc_custom_1518080507773{padding-top: 110px !important;padding-bottom: 110px !important;background-image: url(http:\/\/www.learningpro.ro\/wp-content\/uploads\/2018\/02\/speexx.jpg?id=509) !important;background-position: center !important;background-repeat: no-repeat !important;background-size: cover !important;}&#8221;][vc_column][vc_column_text el_class=&#8221;alb&#8221;] Foreign Languages We are offering organizations Speexx language learning solutions Online and mobile language training for a global workforce [\/vc_column_text][\/vc_column][\/vc_row][vc_row][vc_column][vc_column_text] Perfect Blend [\/vc_column_text][vc_separator color=&#8221;custom&#8221; border_width=&#8221;3&#8243; el_width=&#8221;30&#8243; accent_color=&#8221;#ff0f5f&#8221;][vc_column_text]The Perfect Blend is a modular, scalable language<span class=\"excerpt-hellip\"> [\u2026]<\/span><\/p>\n","protected":false},"author":1,"featured_media":0,"parent":484,"menu_order":0,"comment_status":"closed","ping_status":"closed","template":"","meta":{"footnotes":""},"class_list":["post-507","page","type-page","status-publish","hentry"],"yoast_head":"<!-- This site is optimized with the Yoast SEO plugin v27.2 - https:\/\/yoast.com\/product\/yoast-seo-wordpress\/ -->\n<title>Limbi Str\u0103ine - Learning Pro are un parteneriat cu Speexx<\/title>\n<meta name=\"description\" content=\"Limbi Str\u0103ine Learning Pro are un parteneriat cu Speexx oferind c\u0103tre organiza\u021biile din Rom\u00e2nia solu\u021biile de \u00eenv\u0103\u021bare de limbi str\u0103ine Speexx Speexx ofer\u0103 solu\u021bii de \u00eenv\u0103\u021bare \u0219i testare de limbi str\u0103ine livrate \u00een cloud prin conceptul numit Perfect Blend. Perfect Blend Perfect Blend este un instrument modular, scalabil\" \/>\n<meta name=\"robots\" content=\"index, follow, max-snippet:-1, max-image-preview:large, max-video-preview:-1\" \/>\n<link rel=\"canonical\" href=\"https:\/\/www.learningpro.ro\/learning-technologies\/limbi-straine\/\" \/>\n<meta property=\"og:locale\" content=\"en_US\" \/>\n<meta property=\"og:type\" content=\"article\" \/>\n<meta property=\"og:title\" content=\"Limbi Str\u0103ine - Learning Pro are un parteneriat cu Speexx\" \/>\n<meta property=\"og:description\" content=\"Limbi Str\u0103ine Learning Pro are un parteneriat cu Speexx oferind c\u0103tre organiza\u021biile din Rom\u00e2nia solu\u021biile de \u00eenv\u0103\u021bare de limbi str\u0103ine Speexx Speexx ofer\u0103 solu\u021bii de \u00eenv\u0103\u021bare \u0219i testare de limbi str\u0103ine livrate \u00een cloud prin conceptul numit Perfect Blend. Perfect Blend Perfect Blend este un instrument modular, scalabil\" \/>\n<meta property=\"og:url\" content=\"https:\/\/www.learningpro.ro\/learning-technologies\/limbi-straine\/\" \/>\n<meta property=\"og:site_name\" content=\"Learning Pro\" \/>\n<meta property=\"article:publisher\" content=\"https:\/\/www.facebook.com\/learningpro\/\" \/>\n<meta property=\"article:modified_time\" content=\"2018-06-11T09:50:50+00:00\" \/>\n<meta name=\"twitter:card\" content=\"summary_large_image\" \/>\n<meta name=\"twitter:site\" content=\"@Learning_Pro\" \/>\n<meta name=\"twitter:label1\" content=\"Est. reading time\" \/>\n\t<meta name=\"twitter:data1\" content=\"4 minutes\" \/>\n<script type=\"application\/ld+json\" class=\"yoast-schema-graph\">{\"@context\":\"https:\/\/schema.org\",\"@graph\":[{\"@type\":\"WebPage\",\"@id\":\"https:\/\/www.learningpro.ro\/learning-technologies\/limbi-straine\/\",\"url\":\"https:\/\/www.learningpro.ro\/learning-technologies\/limbi-straine\/\",\"name\":\"Limbi Str\u0103ine - Learning Pro are un parteneriat cu Speexx\",\"isPartOf\":{\"@id\":\"https:\/\/www.learningpro.ro\/#website\"},\"datePublished\":\"2018-02-08T08:23:26+00:00\",\"dateModified\":\"2018-06-11T09:50:50+00:00\",\"description\":\"Limbi Str\u0103ine Learning Pro are un parteneriat cu Speexx oferind c\u0103tre organiza\u021biile din Rom\u00e2nia solu\u021biile de \u00eenv\u0103\u021bare de limbi str\u0103ine Speexx Speexx ofer\u0103 solu\u021bii de \u00eenv\u0103\u021bare \u0219i testare de limbi str\u0103ine livrate \u00een cloud prin conceptul numit Perfect Blend. Perfect Blend Perfect Blend este un instrument modular, scalabil\",\"breadcrumb\":{\"@id\":\"https:\/\/www.learningpro.ro\/learning-technologies\/limbi-straine\/#breadcrumb\"},\"inLanguage\":\"en-US\",\"potentialAction\":[{\"@type\":\"ReadAction\",\"target\":[\"https:\/\/www.learningpro.ro\/learning-technologies\/limbi-straine\/\"]}]},{\"@type\":\"BreadcrumbList\",\"@id\":\"https:\/\/www.learningpro.ro\/learning-technologies\/limbi-straine\/#breadcrumb\",\"itemListElement\":[{\"@type\":\"ListItem\",\"position\":1,\"name\":\"Prima pagin\u0103\",\"item\":\"https:\/\/www.learningpro.ro\/\"},{\"@type\":\"ListItem\",\"position\":2,\"name\":\"Learning Technologies\",\"item\":\"https:\/\/www.learningpro.ro\/learning-technologies\/\"},{\"@type\":\"ListItem\",\"position\":3,\"name\":\"Limbi Str\u0103ine\"}]},{\"@type\":\"WebSite\",\"@id\":\"https:\/\/www.learningpro.ro\/#website\",\"url\":\"https:\/\/www.learningpro.ro\/\",\"name\":\"Learning Pro\",\"description\":\"Your Knowledge Journey\",\"publisher\":{\"@id\":\"https:\/\/www.learningpro.ro\/#organization\"},\"potentialAction\":[{\"@type\":\"SearchAction\",\"target\":{\"@type\":\"EntryPoint\",\"urlTemplate\":\"https:\/\/www.learningpro.ro\/?s={search_term_string}\"},\"query-input\":{\"@type\":\"PropertyValueSpecification\",\"valueRequired\":true,\"valueName\":\"search_term_string\"}}],\"inLanguage\":\"en-US\"},{\"@type\":\"Organization\",\"@id\":\"https:\/\/www.learningpro.ro\/#organization\",\"name\":\"Learning Pro\",\"alternateName\":\"Learning Pro Consulting\",\"url\":\"https:\/\/www.learningpro.ro\/\",\"logo\":{\"@type\":\"ImageObject\",\"inLanguage\":\"en-US\",\"@id\":\"https:\/\/www.learningpro.ro\/#\/schema\/logo\/image\/\",\"url\":\"https:\/\/www.learningpro.ro\/wp-content\/uploads\/2023\/02\/Learning-Pro.svg\",\"contentUrl\":\"https:\/\/www.learningpro.ro\/wp-content\/uploads\/2023\/02\/Learning-Pro.svg\",\"width\":1,\"height\":1,\"caption\":\"Learning Pro\"},\"image\":{\"@id\":\"https:\/\/www.learningpro.ro\/#\/schema\/logo\/image\/\"},\"sameAs\":[\"https:\/\/www.facebook.com\/learningpro\/\",\"https:\/\/x.com\/Learning_Pro\",\"https:\/\/www.linkedin.com\/company\/LearningPro\/\",\"https:\/\/ro.pinterest.com\/learningpro\/\",\"https:\/\/www.youtube.com\/user\/LearningProTV\"]}]}<\/script>\n<!-- \/ Yoast SEO plugin. -->","yoast_head_json":{"title":"Limbi Str\u0103ine - Learning Pro are un parteneriat cu Speexx","description":"Limbi Str\u0103ine Learning Pro are un parteneriat cu Speexx oferind c\u0103tre organiza\u021biile din Rom\u00e2nia solu\u021biile de \u00eenv\u0103\u021bare de limbi str\u0103ine Speexx Speexx ofer\u0103 solu\u021bii de \u00eenv\u0103\u021bare \u0219i testare de limbi str\u0103ine livrate \u00een cloud prin conceptul numit Perfect Blend. Perfect Blend Perfect Blend este un instrument modular, scalabil","robots":{"index":"index","follow":"follow","max-snippet":"max-snippet:-1","max-image-preview":"max-image-preview:large","max-video-preview":"max-video-preview:-1"},"canonical":"https:\/\/www.learningpro.ro\/learning-technologies\/limbi-straine\/","og_locale":"en_US","og_type":"article","og_title":"Limbi Str\u0103ine - Learning Pro are un parteneriat cu Speexx","og_description":"Limbi Str\u0103ine Learning Pro are un parteneriat cu Speexx oferind c\u0103tre organiza\u021biile din Rom\u00e2nia solu\u021biile de \u00eenv\u0103\u021bare de limbi str\u0103ine Speexx Speexx ofer\u0103 solu\u021bii de \u00eenv\u0103\u021bare \u0219i testare de limbi str\u0103ine livrate \u00een cloud prin conceptul numit Perfect Blend. Perfect Blend Perfect Blend este un instrument modular, scalabil","og_url":"https:\/\/www.learningpro.ro\/learning-technologies\/limbi-straine\/","og_site_name":"Learning Pro","article_publisher":"https:\/\/www.facebook.com\/learningpro\/","article_modified_time":"2018-06-11T09:50:50+00:00","twitter_card":"summary_large_image","twitter_site":"@Learning_Pro","twitter_misc":{"Est. reading time":"4 minutes"},"schema":{"@context":"https:\/\/schema.org","@graph":[{"@type":"WebPage","@id":"https:\/\/www.learningpro.ro\/learning-technologies\/limbi-straine\/","url":"https:\/\/www.learningpro.ro\/learning-technologies\/limbi-straine\/","name":"Limbi Str\u0103ine - Learning Pro are un parteneriat cu Speexx","isPartOf":{"@id":"https:\/\/www.learningpro.ro\/#website"},"datePublished":"2018-02-08T08:23:26+00:00","dateModified":"2018-06-11T09:50:50+00:00","description":"Limbi Str\u0103ine Learning Pro are un parteneriat cu Speexx oferind c\u0103tre organiza\u021biile din Rom\u00e2nia solu\u021biile de \u00eenv\u0103\u021bare de limbi str\u0103ine Speexx Speexx ofer\u0103 solu\u021bii de \u00eenv\u0103\u021bare \u0219i testare de limbi str\u0103ine livrate \u00een cloud prin conceptul numit Perfect Blend. Perfect Blend Perfect Blend este un instrument modular, scalabil","breadcrumb":{"@id":"https:\/\/www.learningpro.ro\/learning-technologies\/limbi-straine\/#breadcrumb"},"inLanguage":"en-US","potentialAction":[{"@type":"ReadAction","target":["https:\/\/www.learningpro.ro\/learning-technologies\/limbi-straine\/"]}]},{"@type":"BreadcrumbList","@id":"https:\/\/www.learningpro.ro\/learning-technologies\/limbi-straine\/#breadcrumb","itemListElement":[{"@type":"ListItem","position":1,"name":"Prima pagin\u0103","item":"https:\/\/www.learningpro.ro\/"},{"@type":"ListItem","position":2,"name":"Learning Technologies","item":"https:\/\/www.learningpro.ro\/learning-technologies\/"},{"@type":"ListItem","position":3,"name":"Limbi Str\u0103ine"}]},{"@type":"WebSite","@id":"https:\/\/www.learningpro.ro\/#website","url":"https:\/\/www.learningpro.ro\/","name":"Learning Pro","description":"Your Knowledge Journey","publisher":{"@id":"https:\/\/www.learningpro.ro\/#organization"},"potentialAction":[{"@type":"SearchAction","target":{"@type":"EntryPoint","urlTemplate":"https:\/\/www.learningpro.ro\/?s={search_term_string}"},"query-input":{"@type":"PropertyValueSpecification","valueRequired":true,"valueName":"search_term_string"}}],"inLanguage":"en-US"},{"@type":"Organization","@id":"https:\/\/www.learningpro.ro\/#organization","name":"Learning Pro","alternateName":"Learning Pro Consulting","url":"https:\/\/www.learningpro.ro\/","logo":{"@type":"ImageObject","inLanguage":"en-US","@id":"https:\/\/www.learningpro.ro\/#\/schema\/logo\/image\/","url":"https:\/\/www.learningpro.ro\/wp-content\/uploads\/2023\/02\/Learning-Pro.svg","contentUrl":"https:\/\/www.learningpro.ro\/wp-content\/uploads\/2023\/02\/Learning-Pro.svg","width":1,"height":1,"caption":"Learning Pro"},"image":{"@id":"https:\/\/www.learningpro.ro\/#\/schema\/logo\/image\/"},"sameAs":["https:\/\/www.facebook.com\/learningpro\/","https:\/\/x.com\/Learning_Pro","https:\/\/www.linkedin.com\/company\/LearningPro\/","https:\/\/ro.pinterest.com\/learningpro\/","https:\/\/www.youtube.com\/user\/LearningProTV"]}]}},"_links":{"self":[{"href":"https:\/\/www.learningpro.ro\/en\/wp-json\/wp\/v2\/pages\/507","targetHints":{"allow":["GET"]}}],"collection":[{"href":"https:\/\/www.learningpro.ro\/en\/wp-json\/wp\/v2\/pages"}],"about":[{"href":"https:\/\/www.learningpro.ro\/en\/wp-json\/wp\/v2\/types\/page"}],"author":[{"embeddable":true,"href":"https:\/\/www.learningpro.ro\/en\/wp-json\/wp\/v2\/users\/1"}],"replies":[{"embeddable":true,"href":"https:\/\/www.learningpro.ro\/en\/wp-json\/wp\/v2\/comments?post=507"}],"version-history":[{"count":29,"href":"https:\/\/www.learningpro.ro\/en\/wp-json\/wp\/v2\/pages\/507\/revisions"}],"predecessor-version":[{"id":1402,"href":"https:\/\/www.learningpro.ro\/en\/wp-json\/wp\/v2\/pages\/507\/revisions\/1402"}],"up":[{"embeddable":true,"href":"https:\/\/www.learningpro.ro\/en\/wp-json\/wp\/v2\/pages\/484"}],"wp:attachment":[{"href":"https:\/\/www.learningpro.ro\/en\/wp-json\/wp\/v2\/media?parent=507"}],"curies":[{"name":"wp","href":"https:\/\/api.w.org\/{rel}","templated":true}]}}