{"id":404,"date":"2018-02-08T05:16:54","date_gmt":"2018-02-08T05:16:54","guid":{"rendered":"http:\/\/www.learningpro.ro\/?page_id=404"},"modified":"2018-03-13T19:03:50","modified_gmt":"2018-03-13T19:03:50","slug":"digital-leadership-program","status":"publish","type":"page","link":"https:\/\/www.learningpro.ro\/en\/digital-leadership\/digital-leadership-program\/","title":{"rendered":"Digital Leadership Program"},"content":{"rendered":"<p>[vc_row full_width=&#8221;stretch_row&#8221; css=&#8221;.vc_custom_1518067431187{padding-top: 80px !important;padding-bottom: 80px !important;background-image: url(http:\/\/www.learningpro.ro\/wp-content\/uploads\/2018\/02\/Digital-Leadership-Program0.jpg?id=408) !important;background-position: center !important;background-repeat: no-repeat !important;background-size: cover !important;}&#8221;][vc_column][vc_column_text el_class=&#8221;alb&#8221;]<\/p>\n<h1>Digital Leadership Program<\/h1>\n<p>A leadership program that reveals and incorporates digital understanding as a key success factor for all business leaders<\/p>\n<p>Do you have what it takes to lead in the digital age?<\/p>\n<p>Do you feel equipped with the leadership skills needed to succeed in this new era?<\/p>\n<p><a   class=\"button  has-icon button_right button_size_2\"  href=\"http:\/\/www.learningpro.ro\/wp-content\/uploads\/2018\/02\/Digital-Leadership-Enghish.pdf\" target=\"_blank\"    title=\"\"><span class=\"button_icon\"><i class=\"icon-download\"  aria-hidden=\"true\"><\/i><\/span><span class=\"button_label\">DOWNLOAD PRESENTATION<\/span><\/a>\n[\/vc_column_text][\/vc_column][\/vc_row][vc_row][vc_column][vc_column_text]<\/p>\n<h2 style=\"text-align: center;\">The DIGITAL LEADERSHIP Program<\/h2>\n<p>[\/vc_column_text][vc_separator color=&#8221;custom&#8221; border_width=&#8221;3&#8243; el_width=&#8221;30&#8243; accent_color=&#8221;#ff0f5f&#8221;][vc_column_text]<\/p>\n<p style=\"text-align: center;\"><strong>The DIGITAL LEADERSHIP Program provides you with the tools that develop the skills and competences you need to be able to make a difference in an age of perpetual and disruptive transformations changes.<\/strong><\/p>\n<p style=\"text-align: center;\">The program has a practical learning approach, supported by theory and application on real situations.<\/p>\n<p>[\/vc_column_text][\/vc_column][\/vc_row][vc_row][vc_column width=&#8221;2\/3&#8243;][vc_column_text]<\/p>\n<h2>Participant&#8217;s profile<\/h2>\n<p>You are an executive in charge of other people&#8217;s management and you need guidance in developing effective leadership skills in the digital age.<\/p>\n<p>You are involved in managing digital business transformation in your organization or looking to take on a digitally-oriented new role.<\/p>\n<h2>The benefits of the program<\/h2>\n<p>Expanding and structuring the digital understanding of business leaders to value the new opportunities offered by technology<\/p>\n<p>The ability to apply practically the new skills and competencies required for leadership in disruptive environments<\/p>\n<p>Understand how teams collaborate and are built using new technologies<\/p>\n<p>Finalizing the program with a personal map of digital leadership journey<\/p>\n<p><a   class=\"button  has-icon button_right button_size_2\"  href=\"\/CONTACT\/\" style=\"background-color:#ff105f!important;color:#fff;\"     title=\"\"><span class=\"button_icon\"><i class=\"icon-phone\"  style=\"color:#fff!important;\" aria-hidden=\"true\"><\/i><\/span><span class=\"button_label\">CONTACT US<\/span><\/a>\n[\/vc_column_text][\/vc_column][vc_column width=&#8221;1\/3&#8243;][vc_single_image image=&#8221;422&#8243; img_size=&#8221;full&#8221; alignment=&#8221;center&#8221; style=&#8221;vc_box_shadow&#8221;][\/vc_column][\/vc_row][vc_row full_width=&#8221;stretch_row&#8221; css=&#8221;.vc_custom_1520792123955{background-color: #f9f9f9 !important;background-position: 0 0 !important;background-repeat: no-repeat !important;}&#8221;][vc_column width=&#8221;1\/2&#8243;][vc_icon icon_fontawesome=&#8221;fa fa-diamond&#8221; color=&#8221;custom&#8221; size=&#8221;xl&#8221; align=&#8221;center&#8221; custom_color=&#8221;#ff0e5f&#8221;][vc_column_text]<\/p>\n<h3 style=\"text-align: center;\">Value in the digital age<\/h3>\n<p><strong>Understanding the changing technological landscape and the necessity to act<\/strong><\/p>\n<p>Following this module, you will have:<\/p>\n<ul>\n<li>Identified the changes made by the digital revolution in your market, the threats and the associated opportunities that they create for your organizational context.<\/li>\n<li>Identified and articulated the priorities for digital transformation for your organization.<\/li>\n<li>Understood the impact of the digital age on your leadership role<\/li>\n<\/ul>\n<p>[\/vc_column_text][\/vc_column][vc_column width=&#8221;1\/2&#8243;][vc_icon icon_fontawesome=&#8221;fa fa-users&#8221; color=&#8221;custom&#8221; size=&#8221;xl&#8221; align=&#8221;center&#8221; custom_color=&#8221;#ff0e5f&#8221;][vc_column_text]<\/p>\n<h3 style=\"text-align: center;\">People &amp; ecosystems<\/h3>\n<p><strong>Using technology by organizations to work more efficiently and create a competitive edge.\u00a0<\/strong>Following this module you will be:<\/p>\n<ul>\n<li>Identified ways to increase collaboration and communication across your team and your organization by using digital technology, including social media<\/li>\n<li>Identified the opportunities to use digital technologies to create more effective ways to work within your organization, internally and externally<\/li>\n<li>Understood the need and the design of business models based on ecosystems and harnessing networks<\/li>\n<\/ul>\n<p>[\/vc_column_text][\/vc_column][\/vc_row][vc_row][vc_column width=&#8221;1\/2&#8243;][vc_icon icon_fontawesome=&#8221;fa fa-bullseye&#8221; color=&#8221;custom&#8221; size=&#8221;xl&#8221; align=&#8221;center&#8221; custom_color=&#8221;#ff0e5f&#8221;][vc_column_text]<\/p>\n<h3 style=\"text-align: center;\">Customers &amp; Data<\/h3>\n<p><strong>Understanding your customers&#8217; perspective to determine who you should be for them and what you need to change.<\/strong><\/p>\n<p>Following this module you will have:<\/p>\n<ul>\n<li>Established a client-centered strategy for your organizational context<\/li>\n<li>Identified and applied tools and techniques to form an enriched customer understanding<\/li>\n<li>Collected and analyzed data to develop a perspective for improving business performance and customer experience<\/li>\n<\/ul>\n<p>[\/vc_column_text][\/vc_column][vc_column width=&#8221;1\/2&#8243;][vc_icon icon_fontawesome=&#8221;fa fa-line-chart&#8221; color=&#8221;custom&#8221; size=&#8221;xl&#8221; align=&#8221;center&#8221; custom_color=&#8221;#ff0e5f&#8221;][vc_column_text]<\/p>\n<h3 style=\"text-align: center;\">Innovation &amp; Agility<\/h3>\n<p><strong>How to innovate continuously to keep up with customers and the ever-changing market<\/strong><\/p>\n<p>Following this module you will have learnt how to:<\/p>\n<ul>\n<li>Develop innovation and experimentation strategies in response to the changing nature of competitive advantage.<\/li>\n<li>Implement digital methods for continuous innovations based on iterations and constant awareness of your customers&#8217; needs and contexts.<\/li>\n<li>Apply the relevant agile principles within an iterative development approach.<\/li>\n<\/ul>\n<p>[\/vc_column_text][\/vc_column][\/vc_row][vc_row full_width=&#8221;stretch_row&#8221; parallax=&#8221;content-moving&#8221; parallax_image=&#8221;410&#8243;][vc_column][vc_column_text css=&#8221;.vc_custom_1520075104001{padding-top: 200px !important;padding-bottom: 200px !important;}&#8221;]<\/p>\n<p style=\"text-align: center;\"><a   class=\"button  button_size_2\"  href=\"\/cere-un-demo\/\" style=\"background-color:#ff105f!important;color:#fff;\"     title=\"\"><span class=\"button_label\">DRIVE DIGITAL TRANSFORMATION<\/span><\/a>\n<\/p>\n<p>[\/vc_column_text][\/vc_column][\/vc_row][vc_row full_width=&#8221;stretch_row&#8221; css=&#8221;.vc_custom_1518068845059{padding-top: 60px !important;padding-bottom: 20px !important;background-image: url(http:\/\/www.learningpro.ro\/wp-content\/uploads\/2018\/02\/bg-02.jpg?id=428) !important;background-position: 0 0 !important;background-repeat: repeat !important;}&#8221; el_class=&#8221;alb&#8221;][vc_column width=&#8221;1\/2&#8243;][vc_icon icon_fontawesome=&#8221;fa fa-desktop&#8221; color=&#8221;custom&#8221; size=&#8221;xl&#8221; align=&#8221;center&#8221; custom_color=&#8221;#ff0e5f&#8221;][vc_column_text]<\/p>\n<h3 style=\"text-align: center;\">Digital Transformation<\/h3>\n<p><strong>How to overcome the challenges of organizational structure and current culture<\/strong><\/p>\n<p>Following this module you will have learnt how to:<\/p>\n<ul>\n<li>Identify ways to create the organizational culture you need to make digital changes.<\/li>\n<li>Identify ways to address digital competence gaps to allow for continuous change.<\/li>\n<li>Develop an action plan to build energy and motivation for digital change.<\/li>\n<\/ul>\n<p>[\/vc_column_text][\/vc_column][vc_column width=&#8221;1\/2&#8243;][vc_single_image image=&#8221;419&#8243; img_size=&#8221;full&#8221; alignment=&#8221;center&#8221; style=&#8221;vc_box_shadow&#8221;][\/vc_column][\/vc_row][vc_row full_width=&#8221;stretch_row&#8221; parallax=&#8221;content-moving&#8221; parallax_image=&#8221;411&#8243;][vc_column][vc_column_text css=&#8221;.vc_custom_1518082125682{padding-top: 200px !important;padding-bottom: 200px !important;}&#8221;]<\/p>\n<p style=\"text-align: center;\"><a   class=\"button  button_size_2\"  href=\"\/cere-un-demo\/\" style=\"background-color:#ff105f!important;color:#fff;\"     title=\"\"><span class=\"button_label\">ASK A DEMO<\/span><\/a>\n<\/p>\n<p>[\/vc_column_text][\/vc_column][\/vc_row]<\/p>\n","protected":false},"excerpt":{"rendered":"<p>[vc_row full_width=&#8221;stretch_row&#8221; css=&#8221;.vc_custom_1518067431187{padding-top: 80px !important;padding-bottom: 80px !important;background-image: url(http:\/\/www.learningpro.ro\/wp-content\/uploads\/2018\/02\/Digital-Leadership-Program0.jpg?id=408) !important;background-position: center !important;background-repeat: no-repeat !important;background-size: cover !important;}&#8221;][vc_column][vc_column_text el_class=&#8221;alb&#8221;] Digital Leadership Program A leadership program that reveals and incorporates digital understanding as a key success factor for all business leaders Do you have what it takes to lead in the digital age? Do<span class=\"excerpt-hellip\"> [\u2026]<\/span><\/p>\n","protected":false},"author":1,"featured_media":0,"parent":402,"menu_order":0,"comment_status":"closed","ping_status":"closed","template":"","meta":{"footnotes":""},"class_list":["post-404","page","type-page","status-publish","hentry"],"yoast_head":"<!-- This site is optimized with the Yoast SEO plugin v27.2 - https:\/\/yoast.com\/product\/yoast-seo-wordpress\/ -->\n<title>Digital Leadership Program - Training pentru lideri \u00een era digital\u0103<\/title>\n<meta name=\"description\" content=\"Digital Leadership - Un program pentru lideri. V\u0103 sim\u021bi\u021bi echipat cu abilit\u0103\u021bile de leadership necesare pentru a avea succes \u00een era digital\u0103? Digital Leadership ofer\u0103 instrumentele \u0219i tehnicile care v\u0103 dezvolt\u0103 abilit\u0103\u021bile \u0219i competen\u021bele digitale de care ave\u021bi nevoie pentru a fi un lider eficient ast\u0103zi.\" \/>\n<meta name=\"robots\" content=\"index, follow, max-snippet:-1, max-image-preview:large, max-video-preview:-1\" \/>\n<link rel=\"canonical\" href=\"https:\/\/www.learningpro.ro\/digital-leadership\/digital-leadership-program\/\" \/>\n<meta property=\"og:locale\" content=\"en_US\" \/>\n<meta property=\"og:type\" content=\"article\" \/>\n<meta property=\"og:title\" content=\"Digital Leadership Program - Training pentru lideri \u00een era digital\u0103\" \/>\n<meta property=\"og:description\" content=\"Digital Leadership - Un program pentru lideri. V\u0103 sim\u021bi\u021bi echipat cu abilit\u0103\u021bile de leadership necesare pentru a avea succes \u00een era digital\u0103? Digital Leadership ofer\u0103 instrumentele \u0219i tehnicile care v\u0103 dezvolt\u0103 abilit\u0103\u021bile \u0219i competen\u021bele digitale de care ave\u021bi nevoie pentru a fi un lider eficient ast\u0103zi.\" \/>\n<meta property=\"og:url\" content=\"https:\/\/www.learningpro.ro\/digital-leadership\/digital-leadership-program\/\" \/>\n<meta property=\"og:site_name\" content=\"Learning Pro\" \/>\n<meta property=\"article:publisher\" content=\"https:\/\/www.facebook.com\/learningpro\/\" \/>\n<meta property=\"article:modified_time\" content=\"2018-03-13T19:03:50+00:00\" \/>\n<meta name=\"twitter:card\" content=\"summary_large_image\" \/>\n<meta name=\"twitter:site\" content=\"@Learning_Pro\" \/>\n<meta name=\"twitter:label1\" content=\"Est. reading time\" \/>\n\t<meta name=\"twitter:data1\" content=\"5 minutes\" \/>\n<script type=\"application\/ld+json\" class=\"yoast-schema-graph\">{\"@context\":\"https:\/\/schema.org\",\"@graph\":[{\"@type\":\"WebPage\",\"@id\":\"https:\/\/www.learningpro.ro\/digital-leadership\/digital-leadership-program\/\",\"url\":\"https:\/\/www.learningpro.ro\/digital-leadership\/digital-leadership-program\/\",\"name\":\"Digital Leadership Program - Training pentru lideri \u00een era digital\u0103\",\"isPartOf\":{\"@id\":\"https:\/\/www.learningpro.ro\/#website\"},\"datePublished\":\"2018-02-08T05:16:54+00:00\",\"dateModified\":\"2018-03-13T19:03:50+00:00\",\"description\":\"Digital Leadership - Un program pentru lideri. V\u0103 sim\u021bi\u021bi echipat cu abilit\u0103\u021bile de leadership necesare pentru a avea succes \u00een era digital\u0103? Digital Leadership ofer\u0103 instrumentele \u0219i tehnicile care v\u0103 dezvolt\u0103 abilit\u0103\u021bile \u0219i competen\u021bele digitale de care ave\u021bi nevoie pentru a fi un lider eficient ast\u0103zi.\",\"breadcrumb\":{\"@id\":\"https:\/\/www.learningpro.ro\/digital-leadership\/digital-leadership-program\/#breadcrumb\"},\"inLanguage\":\"en-US\",\"potentialAction\":[{\"@type\":\"ReadAction\",\"target\":[\"https:\/\/www.learningpro.ro\/digital-leadership\/digital-leadership-program\/\"]}]},{\"@type\":\"BreadcrumbList\",\"@id\":\"https:\/\/www.learningpro.ro\/digital-leadership\/digital-leadership-program\/#breadcrumb\",\"itemListElement\":[{\"@type\":\"ListItem\",\"position\":1,\"name\":\"Prima pagin\u0103\",\"item\":\"https:\/\/www.learningpro.ro\/\"},{\"@type\":\"ListItem\",\"position\":2,\"name\":\"Digital Leadership\",\"item\":\"https:\/\/www.learningpro.ro\/digital-leadership\/\"},{\"@type\":\"ListItem\",\"position\":3,\"name\":\"Digital Leadership Program\"}]},{\"@type\":\"WebSite\",\"@id\":\"https:\/\/www.learningpro.ro\/#website\",\"url\":\"https:\/\/www.learningpro.ro\/\",\"name\":\"Learning Pro\",\"description\":\"Your Knowledge Journey\",\"publisher\":{\"@id\":\"https:\/\/www.learningpro.ro\/#organization\"},\"potentialAction\":[{\"@type\":\"SearchAction\",\"target\":{\"@type\":\"EntryPoint\",\"urlTemplate\":\"https:\/\/www.learningpro.ro\/?s={search_term_string}\"},\"query-input\":{\"@type\":\"PropertyValueSpecification\",\"valueRequired\":true,\"valueName\":\"search_term_string\"}}],\"inLanguage\":\"en-US\"},{\"@type\":\"Organization\",\"@id\":\"https:\/\/www.learningpro.ro\/#organization\",\"name\":\"Learning Pro\",\"alternateName\":\"Learning Pro Consulting\",\"url\":\"https:\/\/www.learningpro.ro\/\",\"logo\":{\"@type\":\"ImageObject\",\"inLanguage\":\"en-US\",\"@id\":\"https:\/\/www.learningpro.ro\/#\/schema\/logo\/image\/\",\"url\":\"https:\/\/www.learningpro.ro\/wp-content\/uploads\/2023\/02\/Learning-Pro.svg\",\"contentUrl\":\"https:\/\/www.learningpro.ro\/wp-content\/uploads\/2023\/02\/Learning-Pro.svg\",\"width\":1,\"height\":1,\"caption\":\"Learning Pro\"},\"image\":{\"@id\":\"https:\/\/www.learningpro.ro\/#\/schema\/logo\/image\/\"},\"sameAs\":[\"https:\/\/www.facebook.com\/learningpro\/\",\"https:\/\/x.com\/Learning_Pro\",\"https:\/\/www.linkedin.com\/company\/LearningPro\/\",\"https:\/\/ro.pinterest.com\/learningpro\/\",\"https:\/\/www.youtube.com\/user\/LearningProTV\"]}]}<\/script>\n<!-- \/ Yoast SEO plugin. -->","yoast_head_json":{"title":"Digital Leadership Program - Training pentru lideri \u00een era digital\u0103","description":"Digital Leadership - Un program pentru lideri. V\u0103 sim\u021bi\u021bi echipat cu abilit\u0103\u021bile de leadership necesare pentru a avea succes \u00een era digital\u0103? Digital Leadership ofer\u0103 instrumentele \u0219i tehnicile care v\u0103 dezvolt\u0103 abilit\u0103\u021bile \u0219i competen\u021bele digitale de care ave\u021bi nevoie pentru a fi un lider eficient ast\u0103zi.","robots":{"index":"index","follow":"follow","max-snippet":"max-snippet:-1","max-image-preview":"max-image-preview:large","max-video-preview":"max-video-preview:-1"},"canonical":"https:\/\/www.learningpro.ro\/digital-leadership\/digital-leadership-program\/","og_locale":"en_US","og_type":"article","og_title":"Digital Leadership Program - Training pentru lideri \u00een era digital\u0103","og_description":"Digital Leadership - Un program pentru lideri. V\u0103 sim\u021bi\u021bi echipat cu abilit\u0103\u021bile de leadership necesare pentru a avea succes \u00een era digital\u0103? Digital Leadership ofer\u0103 instrumentele \u0219i tehnicile care v\u0103 dezvolt\u0103 abilit\u0103\u021bile \u0219i competen\u021bele digitale de care ave\u021bi nevoie pentru a fi un lider eficient ast\u0103zi.","og_url":"https:\/\/www.learningpro.ro\/digital-leadership\/digital-leadership-program\/","og_site_name":"Learning Pro","article_publisher":"https:\/\/www.facebook.com\/learningpro\/","article_modified_time":"2018-03-13T19:03:50+00:00","twitter_card":"summary_large_image","twitter_site":"@Learning_Pro","twitter_misc":{"Est. reading time":"5 minutes"},"schema":{"@context":"https:\/\/schema.org","@graph":[{"@type":"WebPage","@id":"https:\/\/www.learningpro.ro\/digital-leadership\/digital-leadership-program\/","url":"https:\/\/www.learningpro.ro\/digital-leadership\/digital-leadership-program\/","name":"Digital Leadership Program - Training pentru lideri \u00een era digital\u0103","isPartOf":{"@id":"https:\/\/www.learningpro.ro\/#website"},"datePublished":"2018-02-08T05:16:54+00:00","dateModified":"2018-03-13T19:03:50+00:00","description":"Digital Leadership - Un program pentru lideri. V\u0103 sim\u021bi\u021bi echipat cu abilit\u0103\u021bile de leadership necesare pentru a avea succes \u00een era digital\u0103? Digital Leadership ofer\u0103 instrumentele \u0219i tehnicile care v\u0103 dezvolt\u0103 abilit\u0103\u021bile \u0219i competen\u021bele digitale de care ave\u021bi nevoie pentru a fi un lider eficient ast\u0103zi.","breadcrumb":{"@id":"https:\/\/www.learningpro.ro\/digital-leadership\/digital-leadership-program\/#breadcrumb"},"inLanguage":"en-US","potentialAction":[{"@type":"ReadAction","target":["https:\/\/www.learningpro.ro\/digital-leadership\/digital-leadership-program\/"]}]},{"@type":"BreadcrumbList","@id":"https:\/\/www.learningpro.ro\/digital-leadership\/digital-leadership-program\/#breadcrumb","itemListElement":[{"@type":"ListItem","position":1,"name":"Prima pagin\u0103","item":"https:\/\/www.learningpro.ro\/"},{"@type":"ListItem","position":2,"name":"Digital Leadership","item":"https:\/\/www.learningpro.ro\/digital-leadership\/"},{"@type":"ListItem","position":3,"name":"Digital Leadership Program"}]},{"@type":"WebSite","@id":"https:\/\/www.learningpro.ro\/#website","url":"https:\/\/www.learningpro.ro\/","name":"Learning Pro","description":"Your Knowledge Journey","publisher":{"@id":"https:\/\/www.learningpro.ro\/#organization"},"potentialAction":[{"@type":"SearchAction","target":{"@type":"EntryPoint","urlTemplate":"https:\/\/www.learningpro.ro\/?s={search_term_string}"},"query-input":{"@type":"PropertyValueSpecification","valueRequired":true,"valueName":"search_term_string"}}],"inLanguage":"en-US"},{"@type":"Organization","@id":"https:\/\/www.learningpro.ro\/#organization","name":"Learning Pro","alternateName":"Learning Pro Consulting","url":"https:\/\/www.learningpro.ro\/","logo":{"@type":"ImageObject","inLanguage":"en-US","@id":"https:\/\/www.learningpro.ro\/#\/schema\/logo\/image\/","url":"https:\/\/www.learningpro.ro\/wp-content\/uploads\/2023\/02\/Learning-Pro.svg","contentUrl":"https:\/\/www.learningpro.ro\/wp-content\/uploads\/2023\/02\/Learning-Pro.svg","width":1,"height":1,"caption":"Learning Pro"},"image":{"@id":"https:\/\/www.learningpro.ro\/#\/schema\/logo\/image\/"},"sameAs":["https:\/\/www.facebook.com\/learningpro\/","https:\/\/x.com\/Learning_Pro","https:\/\/www.linkedin.com\/company\/LearningPro\/","https:\/\/ro.pinterest.com\/learningpro\/","https:\/\/www.youtube.com\/user\/LearningProTV"]}]}},"_links":{"self":[{"href":"https:\/\/www.learningpro.ro\/en\/wp-json\/wp\/v2\/pages\/404","targetHints":{"allow":["GET"]}}],"collection":[{"href":"https:\/\/www.learningpro.ro\/en\/wp-json\/wp\/v2\/pages"}],"about":[{"href":"https:\/\/www.learningpro.ro\/en\/wp-json\/wp\/v2\/types\/page"}],"author":[{"embeddable":true,"href":"https:\/\/www.learningpro.ro\/en\/wp-json\/wp\/v2\/users\/1"}],"replies":[{"embeddable":true,"href":"https:\/\/www.learningpro.ro\/en\/wp-json\/wp\/v2\/comments?post=404"}],"version-history":[{"count":20,"href":"https:\/\/www.learningpro.ro\/en\/wp-json\/wp\/v2\/pages\/404\/revisions"}],"predecessor-version":[{"id":1263,"href":"https:\/\/www.learningpro.ro\/en\/wp-json\/wp\/v2\/pages\/404\/revisions\/1263"}],"up":[{"embeddable":true,"href":"https:\/\/www.learningpro.ro\/en\/wp-json\/wp\/v2\/pages\/402"}],"wp:attachment":[{"href":"https:\/\/www.learningpro.ro\/en\/wp-json\/wp\/v2\/media?parent=404"}],"curies":[{"name":"wp","href":"https:\/\/api.w.org\/{rel}","templated":true}]}}