{"id":376,"date":"2018-02-08T04:53:20","date_gmt":"2018-02-08T04:53:20","guid":{"rendered":"http:\/\/www.learningpro.ro\/?page_id=376"},"modified":"2018-03-12T09:00:06","modified_gmt":"2018-03-12T09:00:06","slug":"consultanta","status":"publish","type":"page","link":"https:\/\/www.learningpro.ro\/en\/training\/consultanta\/","title":{"rendered":"Consulting"},"content":{"rendered":"<p>[vc_row full_width=&#8221;stretch_row&#8221; css=&#8221;.vc_custom_1518065492837{padding-top: 110px !important;padding-bottom: 110px !important;background-image: url(http:\/\/www.learningpro.ro\/wp-content\/uploads\/2018\/02\/training-consultanta-1.jpg?id=377) !important;background-position: center !important;background-repeat: no-repeat !important;background-size: cover !important;}&#8221;][vc_column][vc_column_text el_class=&#8221;alb&#8221;]<\/p>\n<h1>Consulting<\/h1>\n<p class=\"big\">Our consulting solutions offer customers a holistic approach to the business needs.<\/p>\n<blockquote><p>Actual problems can vary from launching a new product, improving sales channels to developing leaders.<\/p><\/blockquote>\n<p>[\/vc_column_text][\/vc_column][\/vc_row][vc_row][vc_column][vc_row_inner css=&#8221;.vc_custom_1518006105103{padding-top: 30px !important;}&#8221;][vc_column_inner][vc_column_text]<\/p>\n<h3>Evaluating of the Learning Process and Defining the Learning Strategy<\/h3>\n<p>Analyze of all organizational learning and training processes, develop cost-benefit-based solutions whose implementation will help achieve the organizational strategic goals.<\/p>\n<h3>Defining the organization&#8217;s Human Resources strategy<\/h3>\n<p>Identifying Human Resources policies and practices suited to support the organization&#8217;s long-term goals. The Human Resources Strategy integrates staff training and development policies.<\/p>\n<h3>Optimizing Human Resources processes<\/h3>\n<p>Diagnosis of the way in which specific human resources processes take place in order to identify opportunities for improvement.<\/p>\n<h3>Evaluating and optimal design of Knowledge Management (KM) processes<\/h3>\n<p>Ensuring an effective knowledge management system that supports real-time knowledge and expertise needs of members of the organization.<\/p>\n<h3>Organizational development<\/h3>\n<p>Designing a strategy for organizational change and implementing change management programs to achieve long-term goals.[\/vc_column_text][\/vc_column_inner][\/vc_row_inner][\/vc_column][\/vc_row][vc_row full_width=&#8221;stretch_row&#8221; parallax=&#8221;content-moving&#8221; parallax_image=&#8221;378&#8243;][vc_column][vc_column_text css=&#8221;.vc_custom_1520177557171{padding-top: 200px !important;padding-bottom: 200px !important;}&#8221;]<\/p>\n<p style=\"text-align: center;\"><a   class=\"button  button_size_2\"  href=\"\/cere-un-demo\/\" style=\"background-color:#ff105f!important;color:#fff;\"     title=\"\"><span class=\"button_label\">ASK FOR A MEETING<\/span><\/a>\n<\/p>\n<p>[\/vc_column_text][\/vc_column][\/vc_row][vc_row full_width=&#8221;stretch_row&#8221; css=&#8221;.vc_custom_1518006141981{padding-top: 60px !important;padding-bottom: 60px !important;background-image: url(http:\/\/www.learningpro.ro\/wp-content\/uploads\/2018\/02\/bg01.png?id=319) !important;background-position: center !important;background-repeat: no-repeat !important;background-size: cover !important;}&#8221;][vc_column][vc_row_inner][vc_column_inner][vc_column_text]<\/p>\n<h2>Specific solutions include:<\/h2>\n<ul>\n<li>Designing and development of the annual organizational training plan<\/li>\n<li>Designing professional training and individual development plans<\/li>\n<li>Elaborating the organizational learning strategy and aligning it to the business strategy<\/li>\n<li>Developing and implementing programs to identify and develop High Potential leadership and \/ or Talent management<\/li>\n<li>Design and implementation of Knowledge Management programs and initiatives<\/li>\n<li>Strategic planning and training for organizational initiatives<\/li>\n<li>Aligning employee training and development goals with strategic business objectives<\/li>\n<li>Marketing and internal and \/ or external communications to facilitate successful implementation of learning programs and organizational change<\/li>\n<li>Design and development of standards for reporting, measuring and monitoring value that bring value to the organization<\/li>\n<li>Developing Sales Manuals for the sales force<\/li>\n<li>Developing education programs for your customers and your sales partners<\/li>\n<\/ul>\n<p>[\/vc_column_text][\/vc_column_inner][\/vc_row_inner][\/vc_column][\/vc_row]<\/p>\n","protected":false},"excerpt":{"rendered":"<p>[vc_row full_width=&#8221;stretch_row&#8221; css=&#8221;.vc_custom_1518065492837{padding-top: 110px !important;padding-bottom: 110px !important;background-image: url(http:\/\/www.learningpro.ro\/wp-content\/uploads\/2018\/02\/training-consultanta-1.jpg?id=377) !important;background-position: center !important;background-repeat: no-repeat !important;background-size: cover !important;}&#8221;][vc_column][vc_column_text el_class=&#8221;alb&#8221;] Consulting Our consulting solutions offer customers a holistic approach to the business needs. Actual problems can vary from launching a new product, improving sales channels to developing leaders. [\/vc_column_text][\/vc_column][\/vc_row][vc_row][vc_column][vc_row_inner css=&#8221;.vc_custom_1518006105103{padding-top: 30px !important;}&#8221;][vc_column_inner][vc_column_text] Evaluating of<span class=\"excerpt-hellip\"> [\u2026]<\/span><\/p>\n","protected":false},"author":1,"featured_media":0,"parent":305,"menu_order":0,"comment_status":"closed","ping_status":"closed","template":"","meta":{"footnotes":""},"class_list":["post-376","page","type-page","status-publish","hentry"],"yoast_head":"<!-- This site is optimized with the Yoast SEO plugin v27.2 - https:\/\/yoast.com\/product\/yoast-seo-wordpress\/ -->\n<title>Consultan\u021b\u0103 - Solu\u021biile de consultan\u021b\u0103 ofer\u0103 clien\u021bilor o abordare holistic\u0103<\/title>\n<meta name=\"description\" content=\"Training Consultan\u021b\u0103 - Solu\u021biile noastre de consultan\u021b\u0103 ofer\u0103 clien\u021bilor o abordare holistic\u0103 care se adreseaz\u0103 nevoilor de business. Problemele punctuale pot varia de la lansarea unui nou produs, \u00eembun\u0103t\u0103\u021birea canalelor de v\u00e2nzare sau dezvoltarea de lideri.\" \/>\n<meta name=\"robots\" content=\"index, follow, max-snippet:-1, max-image-preview:large, max-video-preview:-1\" \/>\n<link rel=\"canonical\" href=\"https:\/\/www.learningpro.ro\/training\/consultanta\/\" \/>\n<meta property=\"og:locale\" content=\"en_US\" \/>\n<meta property=\"og:type\" content=\"article\" \/>\n<meta property=\"og:title\" content=\"Consultan\u021b\u0103 - Solu\u021biile de consultan\u021b\u0103 ofer\u0103 clien\u021bilor o abordare holistic\u0103\" \/>\n<meta property=\"og:description\" content=\"Training Consultan\u021b\u0103 - Solu\u021biile noastre de consultan\u021b\u0103 ofer\u0103 clien\u021bilor o abordare holistic\u0103 care se adreseaz\u0103 nevoilor de business. Problemele punctuale pot varia de la lansarea unui nou produs, \u00eembun\u0103t\u0103\u021birea canalelor de v\u00e2nzare sau dezvoltarea de lideri.\" \/>\n<meta property=\"og:url\" content=\"https:\/\/www.learningpro.ro\/training\/consultanta\/\" \/>\n<meta property=\"og:site_name\" content=\"Learning Pro\" \/>\n<meta property=\"article:publisher\" content=\"https:\/\/www.facebook.com\/learningpro\/\" \/>\n<meta property=\"article:modified_time\" content=\"2018-03-12T09:00:06+00:00\" \/>\n<meta name=\"twitter:card\" content=\"summary_large_image\" \/>\n<meta name=\"twitter:site\" content=\"@Learning_Pro\" \/>\n<meta name=\"twitter:label1\" content=\"Est. reading time\" \/>\n\t<meta name=\"twitter:data1\" content=\"2 minutes\" \/>\n<script type=\"application\/ld+json\" class=\"yoast-schema-graph\">{\"@context\":\"https:\/\/schema.org\",\"@graph\":[{\"@type\":\"WebPage\",\"@id\":\"https:\/\/www.learningpro.ro\/training\/consultanta\/\",\"url\":\"https:\/\/www.learningpro.ro\/training\/consultanta\/\",\"name\":\"Consultan\u021b\u0103 - Solu\u021biile de consultan\u021b\u0103 ofer\u0103 clien\u021bilor o abordare holistic\u0103\",\"isPartOf\":{\"@id\":\"https:\/\/www.learningpro.ro\/#website\"},\"datePublished\":\"2018-02-08T04:53:20+00:00\",\"dateModified\":\"2018-03-12T09:00:06+00:00\",\"description\":\"Training Consultan\u021b\u0103 - Solu\u021biile noastre de consultan\u021b\u0103 ofer\u0103 clien\u021bilor o abordare holistic\u0103 care se adreseaz\u0103 nevoilor de business. Problemele punctuale pot varia de la lansarea unui nou produs, \u00eembun\u0103t\u0103\u021birea canalelor de v\u00e2nzare sau dezvoltarea de lideri.\",\"breadcrumb\":{\"@id\":\"https:\/\/www.learningpro.ro\/training\/consultanta\/#breadcrumb\"},\"inLanguage\":\"en-US\",\"potentialAction\":[{\"@type\":\"ReadAction\",\"target\":[\"https:\/\/www.learningpro.ro\/training\/consultanta\/\"]}]},{\"@type\":\"BreadcrumbList\",\"@id\":\"https:\/\/www.learningpro.ro\/training\/consultanta\/#breadcrumb\",\"itemListElement\":[{\"@type\":\"ListItem\",\"position\":1,\"name\":\"Prima pagin\u0103\",\"item\":\"https:\/\/www.learningpro.ro\/\"},{\"@type\":\"ListItem\",\"position\":2,\"name\":\"Training\",\"item\":\"https:\/\/www.learningpro.ro\/training\/\"},{\"@type\":\"ListItem\",\"position\":3,\"name\":\"Consultan\u021b\u0103\"}]},{\"@type\":\"WebSite\",\"@id\":\"https:\/\/www.learningpro.ro\/#website\",\"url\":\"https:\/\/www.learningpro.ro\/\",\"name\":\"Learning Pro\",\"description\":\"Your Knowledge Journey\",\"publisher\":{\"@id\":\"https:\/\/www.learningpro.ro\/#organization\"},\"potentialAction\":[{\"@type\":\"SearchAction\",\"target\":{\"@type\":\"EntryPoint\",\"urlTemplate\":\"https:\/\/www.learningpro.ro\/?s={search_term_string}\"},\"query-input\":{\"@type\":\"PropertyValueSpecification\",\"valueRequired\":true,\"valueName\":\"search_term_string\"}}],\"inLanguage\":\"en-US\"},{\"@type\":\"Organization\",\"@id\":\"https:\/\/www.learningpro.ro\/#organization\",\"name\":\"Learning Pro\",\"alternateName\":\"Learning Pro Consulting\",\"url\":\"https:\/\/www.learningpro.ro\/\",\"logo\":{\"@type\":\"ImageObject\",\"inLanguage\":\"en-US\",\"@id\":\"https:\/\/www.learningpro.ro\/#\/schema\/logo\/image\/\",\"url\":\"https:\/\/www.learningpro.ro\/wp-content\/uploads\/2023\/02\/Learning-Pro.svg\",\"contentUrl\":\"https:\/\/www.learningpro.ro\/wp-content\/uploads\/2023\/02\/Learning-Pro.svg\",\"width\":1,\"height\":1,\"caption\":\"Learning Pro\"},\"image\":{\"@id\":\"https:\/\/www.learningpro.ro\/#\/schema\/logo\/image\/\"},\"sameAs\":[\"https:\/\/www.facebook.com\/learningpro\/\",\"https:\/\/x.com\/Learning_Pro\",\"https:\/\/www.linkedin.com\/company\/LearningPro\/\",\"https:\/\/ro.pinterest.com\/learningpro\/\",\"https:\/\/www.youtube.com\/user\/LearningProTV\"]}]}<\/script>\n<!-- \/ Yoast SEO plugin. -->","yoast_head_json":{"title":"Consultan\u021b\u0103 - Solu\u021biile de consultan\u021b\u0103 ofer\u0103 clien\u021bilor o abordare holistic\u0103","description":"Training Consultan\u021b\u0103 - Solu\u021biile noastre de consultan\u021b\u0103 ofer\u0103 clien\u021bilor o abordare holistic\u0103 care se adreseaz\u0103 nevoilor de business. Problemele punctuale pot varia de la lansarea unui nou produs, \u00eembun\u0103t\u0103\u021birea canalelor de v\u00e2nzare sau dezvoltarea de lideri.","robots":{"index":"index","follow":"follow","max-snippet":"max-snippet:-1","max-image-preview":"max-image-preview:large","max-video-preview":"max-video-preview:-1"},"canonical":"https:\/\/www.learningpro.ro\/training\/consultanta\/","og_locale":"en_US","og_type":"article","og_title":"Consultan\u021b\u0103 - Solu\u021biile de consultan\u021b\u0103 ofer\u0103 clien\u021bilor o abordare holistic\u0103","og_description":"Training Consultan\u021b\u0103 - Solu\u021biile noastre de consultan\u021b\u0103 ofer\u0103 clien\u021bilor o abordare holistic\u0103 care se adreseaz\u0103 nevoilor de business. Problemele punctuale pot varia de la lansarea unui nou produs, \u00eembun\u0103t\u0103\u021birea canalelor de v\u00e2nzare sau dezvoltarea de lideri.","og_url":"https:\/\/www.learningpro.ro\/training\/consultanta\/","og_site_name":"Learning Pro","article_publisher":"https:\/\/www.facebook.com\/learningpro\/","article_modified_time":"2018-03-12T09:00:06+00:00","twitter_card":"summary_large_image","twitter_site":"@Learning_Pro","twitter_misc":{"Est. reading time":"2 minutes"},"schema":{"@context":"https:\/\/schema.org","@graph":[{"@type":"WebPage","@id":"https:\/\/www.learningpro.ro\/training\/consultanta\/","url":"https:\/\/www.learningpro.ro\/training\/consultanta\/","name":"Consultan\u021b\u0103 - Solu\u021biile de consultan\u021b\u0103 ofer\u0103 clien\u021bilor o abordare holistic\u0103","isPartOf":{"@id":"https:\/\/www.learningpro.ro\/#website"},"datePublished":"2018-02-08T04:53:20+00:00","dateModified":"2018-03-12T09:00:06+00:00","description":"Training Consultan\u021b\u0103 - Solu\u021biile noastre de consultan\u021b\u0103 ofer\u0103 clien\u021bilor o abordare holistic\u0103 care se adreseaz\u0103 nevoilor de business. Problemele punctuale pot varia de la lansarea unui nou produs, \u00eembun\u0103t\u0103\u021birea canalelor de v\u00e2nzare sau dezvoltarea de lideri.","breadcrumb":{"@id":"https:\/\/www.learningpro.ro\/training\/consultanta\/#breadcrumb"},"inLanguage":"en-US","potentialAction":[{"@type":"ReadAction","target":["https:\/\/www.learningpro.ro\/training\/consultanta\/"]}]},{"@type":"BreadcrumbList","@id":"https:\/\/www.learningpro.ro\/training\/consultanta\/#breadcrumb","itemListElement":[{"@type":"ListItem","position":1,"name":"Prima pagin\u0103","item":"https:\/\/www.learningpro.ro\/"},{"@type":"ListItem","position":2,"name":"Training","item":"https:\/\/www.learningpro.ro\/training\/"},{"@type":"ListItem","position":3,"name":"Consultan\u021b\u0103"}]},{"@type":"WebSite","@id":"https:\/\/www.learningpro.ro\/#website","url":"https:\/\/www.learningpro.ro\/","name":"Learning Pro","description":"Your Knowledge Journey","publisher":{"@id":"https:\/\/www.learningpro.ro\/#organization"},"potentialAction":[{"@type":"SearchAction","target":{"@type":"EntryPoint","urlTemplate":"https:\/\/www.learningpro.ro\/?s={search_term_string}"},"query-input":{"@type":"PropertyValueSpecification","valueRequired":true,"valueName":"search_term_string"}}],"inLanguage":"en-US"},{"@type":"Organization","@id":"https:\/\/www.learningpro.ro\/#organization","name":"Learning Pro","alternateName":"Learning Pro Consulting","url":"https:\/\/www.learningpro.ro\/","logo":{"@type":"ImageObject","inLanguage":"en-US","@id":"https:\/\/www.learningpro.ro\/#\/schema\/logo\/image\/","url":"https:\/\/www.learningpro.ro\/wp-content\/uploads\/2023\/02\/Learning-Pro.svg","contentUrl":"https:\/\/www.learningpro.ro\/wp-content\/uploads\/2023\/02\/Learning-Pro.svg","width":1,"height":1,"caption":"Learning Pro"},"image":{"@id":"https:\/\/www.learningpro.ro\/#\/schema\/logo\/image\/"},"sameAs":["https:\/\/www.facebook.com\/learningpro\/","https:\/\/x.com\/Learning_Pro","https:\/\/www.linkedin.com\/company\/LearningPro\/","https:\/\/ro.pinterest.com\/learningpro\/","https:\/\/www.youtube.com\/user\/LearningProTV"]}]}},"_links":{"self":[{"href":"https:\/\/www.learningpro.ro\/en\/wp-json\/wp\/v2\/pages\/376","targetHints":{"allow":["GET"]}}],"collection":[{"href":"https:\/\/www.learningpro.ro\/en\/wp-json\/wp\/v2\/pages"}],"about":[{"href":"https:\/\/www.learningpro.ro\/en\/wp-json\/wp\/v2\/types\/page"}],"author":[{"embeddable":true,"href":"https:\/\/www.learningpro.ro\/en\/wp-json\/wp\/v2\/users\/1"}],"replies":[{"embeddable":true,"href":"https:\/\/www.learningpro.ro\/en\/wp-json\/wp\/v2\/comments?post=376"}],"version-history":[{"count":8,"href":"https:\/\/www.learningpro.ro\/en\/wp-json\/wp\/v2\/pages\/376\/revisions"}],"predecessor-version":[{"id":1280,"href":"https:\/\/www.learningpro.ro\/en\/wp-json\/wp\/v2\/pages\/376\/revisions\/1280"}],"up":[{"embeddable":true,"href":"https:\/\/www.learningpro.ro\/en\/wp-json\/wp\/v2\/pages\/305"}],"wp:attachment":[{"href":"https:\/\/www.learningpro.ro\/en\/wp-json\/wp\/v2\/media?parent=376"}],"curies":[{"name":"wp","href":"https:\/\/api.w.org\/{rel}","templated":true}]}}