{"id":345,"date":"2018-02-08T03:55:10","date_gmt":"2018-02-08T03:55:10","guid":{"rendered":"http:\/\/www.learningpro.ro\/?page_id=345"},"modified":"2018-03-05T14:17:23","modified_gmt":"2018-03-05T14:17:23","slug":"vanzari","status":"publish","type":"page","link":"https:\/\/www.learningpro.ro\/en\/training\/vanzari\/","title":{"rendered":"Sales"},"content":{"rendered":"<p>[vc_row full_width=&#8221;stretch_row&#8221; css=&#8221;.vc_custom_1518061633664{padding-top: 80px !important;padding-bottom: 80px !important;background-image: url(http:\/\/www.learningpro.ro\/wp-content\/uploads\/2018\/02\/vanzari-hr.jpg?id=348) !important;background-position: center !important;background-repeat: no-repeat !important;background-size: cover !important;}&#8221;][vc_column][vc_column_text el_class=&#8221;alb&#8221;]<\/p>\n<h1>Sales<\/h1>\n<p class=\"big\">The structured sales approach.<br \/>\nHow to prepare and complete sales that bring value to customers?<\/p>\n<blockquote><p>Agility means being more prepared than competitors. For an agile salesman, time is measured in weeks, not years.<\/p><\/blockquote>\n<p><a   class=\"button  has-icon button_right button_size_2\"  href=\"http:\/\/www.learningpro.ro\/wp-content\/uploads\/2018\/02\/XL-Sales-Learning-Pro-1.pdf\" target=\"_blank\"    title=\"\"><span class=\"button_icon\"><i class=\"icon-download\"  aria-hidden=\"true\"><\/i><\/span><span class=\"button_label\">DOWNLOAD BROCHURE<\/span><\/a>\n[\/vc_column_text][\/vc_column][\/vc_row][vc_row][vc_column][vc_column_text]<\/p>\n<h2 style=\"text-align: center;\">Modules<\/h2>\n<p>[\/vc_column_text][vc_separator color=&#8221;custom&#8221; border_width=&#8221;3&#8243; el_width=&#8221;30&#8243; accent_color=&#8221;#ff0f5f&#8221;][vc_row_inner css=&#8221;.vc_custom_1518006105103{padding-top: 30px !important;}&#8221;][vc_column_inner width=&#8221;1\/2&#8243;][vc_column_text css_animation=&#8221;fadeInLeft&#8221;]<\/p>\n<h3 style=\"text-align: right;\">Prospecting<\/h3>\n<p style=\"text-align: right;\">How do we run a successful advisory sale process?<br \/>\nThe Commercial Action Plan (CAP) &#8211; the basis for the prospecting<br \/>\nThe structured prospecting model and prospecting methods<\/p>\n<h3 style=\"text-align: right;\">Winning Trust<\/h3>\n<p style=\"text-align: right;\">Empathy &#8211; the basic prerequisite for relationship<br \/>\nBuild and deliver key messages<br \/>\nEffective application techniques of rapport in relationship<\/p>\n<h3 style=\"text-align: right;\">The sales conversation<\/h3>\n<p style=\"text-align: right;\">Situational analysis and discovery needs protocol<br \/>\nTechnical motivations and personal motivations for customers<br \/>\nHow to explore the needs: listening<br \/>\nKnowing the client&#8217;s perspective<\/p>\n<p>[\/vc_column_text][\/vc_column_inner][vc_column_inner width=&#8221;1\/2&#8243;][vc_column_text css_animation=&#8221;fadeInRight&#8221;]<\/p>\n<h3 style=\"text-align: left;\">Building Value<\/h3>\n<p style=\"text-align: left;\">Understanding the objections<br \/>\nSolution argumentation methods<br \/>\nArgumentation of the value proposition<\/p>\n<h3 style=\"text-align: left;\">Negotiation<\/h3>\n<p style=\"text-align: left;\">Behavior in commercial negotiation<br \/>\nPersonal styles of negotiation and persuasion styles<br \/>\nPreparation and planning of negotiations<br \/>\nNegotiating situations<\/p>\n<h3 style=\"text-align: left;\">Coaching and final evaluation<\/h3>\n<p style=\"text-align: left;\">Developing of the Personal Seller Profile<br \/>\nPresentation of results of defining moments in campaign front of a group of managers<\/p>\n<p>[\/vc_column_text][\/vc_column_inner][\/vc_row_inner][\/vc_column][\/vc_row][vc_row full_width=&#8221;stretch_row&#8221; parallax=&#8221;content-moving&#8221; parallax_image=&#8221;347&#8243;][vc_column][vc_column_text css=&#8221;.vc_custom_1520258837432{padding-top: 200px !important;padding-bottom: 200px !important;}&#8221;]<\/p>\n<p style=\"text-align: center;\"><a   class=\"button  button_size_2\"  href=\"\/en\/cere-un-demo\/\" style=\"background-color:#ff105f!important;color:#fff;\"     title=\"\"><span class=\"button_label\">ASK A DEMO<\/span><\/a>\n<\/p>\n<p>[\/vc_column_text][\/vc_column][\/vc_row][vc_row full_width=&#8221;stretch_row&#8221; css=&#8221;.vc_custom_1518006141981{padding-top: 60px !important;padding-bottom: 60px !important;background-image: url(http:\/\/www.learningpro.ro\/wp-content\/uploads\/2018\/02\/bg01.png?id=319) !important;background-position: center !important;background-repeat: no-repeat !important;background-size: cover !important;}&#8221;][vc_column][vc_row_inner][vc_column_inner width=&#8221;1\/2&#8243;][vc_column_text]<\/p>\n<h3>Objectives<\/h3>\n<ul>\n<li>Increase customer portfolio and value per customer<\/li>\n<li>Apply sales planning techniques<\/li>\n<li>Reach sales targets by applying cross-sell and up-sell techniques<\/li>\n<\/ul>\n<p>[\/vc_column_text][\/vc_column_inner][vc_column_inner width=&#8221;1\/2&#8243;][vc_column_text]<\/p>\n<h3>Approach<\/h3>\n<p>The program consists of 6 modules in which all the stages of strategy, where sales planning and execution are handled in a practical manner.<\/p>\n<p>The workshops will be personalized on the processes and methods of the organization.<\/p>\n<p>The impact of the program can be evaluated up to the level of the increase in sales number and value.<br \/>\nCoaching, practical application of transferred skills, team exercises and feed-back.[\/vc_column_text][\/vc_column_inner][\/vc_row_inner][vc_row_inner][vc_column_inner width=&#8221;1\/2&#8243;][vc_column_text]<\/p>\n<h3>Methods<\/h3>\n<ul>\n<li>Flipchart and video projector presentations<\/li>\n<li>Case studies, Interactive exercises<\/li>\n<li>Teamwork, Reflections, Role Playing Games<\/li>\n<li>Movies, Motivational Stories<\/li>\n<li>Brainstorming<\/li>\n<\/ul>\n<p>[\/vc_column_text][\/vc_column_inner][vc_column_inner width=&#8221;1\/2&#8243;][vc_column_text]<\/p>\n<h3>Organization<\/h3>\n<p><strong>Duration:<\/strong> 2 days (8h \/ day) &#8211; including breaks \/ 6-15 participants<\/p>\n<p><strong>Target group:<\/strong> sales teams, front-office staff, relationship managers, all persons involved in the sale of products \/ services<br \/>\n<strong>Participants<\/strong> will receive specific work tools (hands-outs, worksheets, guides etc.)<\/p>\n<p>&nbsp;<\/p>\n<p><a   class=\"button  has-icon button_right button_size_2\"  href=\"\/CONTACT\/\" style=\"background-color:#ff105f!important;color:#fff;\"     title=\"\"><span class=\"button_icon\"><i class=\"icon-phone\"  style=\"color:#fff!important;\" aria-hidden=\"true\"><\/i><\/span><span class=\"button_label\">CONTACT US<\/span><\/a>\n[\/vc_column_text][\/vc_column_inner][\/vc_row_inner][\/vc_column][\/vc_row]<\/p>\n","protected":false},"excerpt":{"rendered":"<p>[vc_row full_width=&#8221;stretch_row&#8221; css=&#8221;.vc_custom_1518061633664{padding-top: 80px !important;padding-bottom: 80px !important;background-image: url(http:\/\/www.learningpro.ro\/wp-content\/uploads\/2018\/02\/vanzari-hr.jpg?id=348) !important;background-position: center !important;background-repeat: no-repeat !important;background-size: cover !important;}&#8221;][vc_column][vc_column_text el_class=&#8221;alb&#8221;] Sales The structured sales approach. How to prepare and complete sales that bring value to customers? Agility means being more prepared than competitors. For an agile salesman, time is measured in weeks, not years.<span class=\"excerpt-hellip\"> [\u2026]<\/span><\/p>\n","protected":false},"author":1,"featured_media":0,"parent":305,"menu_order":0,"comment_status":"closed","ping_status":"closed","template":"","meta":{"footnotes":""},"class_list":["post-345","page","type-page","status-publish","hentry"],"yoast_head":"<!-- This site is optimized with the Yoast SEO plugin v27.2 - https:\/\/yoast.com\/product\/yoast-seo-wordpress\/ -->\n<title>Training V\u00e2nz\u0103ri - Learning Pro - Cum s\u0103 preg\u0103tim \u0219i s\u0103 \u00eencheiem v\u00e2nz\u0103ri<\/title>\n<meta name=\"description\" content=\"V\u00e2nz\u0103ri - Abordarea structurat\u0103 a v\u00e2nz\u0103rilor. Cum s\u0103 preg\u0103tim \u0219i s\u0103 \u00eencheiem v\u00e2nz\u0103ri care aduc valoare clien\u021bilor? Agilitatea \u00eenseamn\u0103 s\u0103 fii mai preg\u0103tit dec\u00e2t competitorii. Pentru un v\u00e2nz\u0103tor agil, timpul se m\u0103soar\u0103 \u00een s\u0103pt\u0103m\u00e2ni, nu ani. DESCARCA PREZENTAREA Module Prospectarea\" \/>\n<meta name=\"robots\" content=\"index, follow, max-snippet:-1, max-image-preview:large, max-video-preview:-1\" \/>\n<link rel=\"canonical\" href=\"https:\/\/www.learningpro.ro\/training\/vanzari\/\" \/>\n<meta property=\"og:locale\" content=\"en_US\" \/>\n<meta property=\"og:type\" content=\"article\" \/>\n<meta property=\"og:title\" content=\"Training V\u00e2nz\u0103ri - Learning Pro - Cum s\u0103 preg\u0103tim \u0219i s\u0103 \u00eencheiem v\u00e2nz\u0103ri\" \/>\n<meta property=\"og:description\" content=\"V\u00e2nz\u0103ri - Abordarea structurat\u0103 a v\u00e2nz\u0103rilor. Cum s\u0103 preg\u0103tim \u0219i s\u0103 \u00eencheiem v\u00e2nz\u0103ri care aduc valoare clien\u021bilor? Agilitatea \u00eenseamn\u0103 s\u0103 fii mai preg\u0103tit dec\u00e2t competitorii. Pentru un v\u00e2nz\u0103tor agil, timpul se m\u0103soar\u0103 \u00een s\u0103pt\u0103m\u00e2ni, nu ani. DESCARCA PREZENTAREA Module Prospectarea\" \/>\n<meta property=\"og:url\" content=\"https:\/\/www.learningpro.ro\/training\/vanzari\/\" \/>\n<meta property=\"og:site_name\" content=\"Learning Pro\" \/>\n<meta property=\"article:publisher\" content=\"https:\/\/www.facebook.com\/learningpro\/\" \/>\n<meta property=\"article:modified_time\" content=\"2018-03-05T14:17:23+00:00\" \/>\n<meta name=\"twitter:card\" content=\"summary_large_image\" \/>\n<meta name=\"twitter:site\" content=\"@Learning_Pro\" \/>\n<meta name=\"twitter:label1\" content=\"Est. reading time\" \/>\n\t<meta name=\"twitter:data1\" content=\"3 minutes\" \/>\n<script type=\"application\/ld+json\" class=\"yoast-schema-graph\">{\"@context\":\"https:\/\/schema.org\",\"@graph\":[{\"@type\":\"WebPage\",\"@id\":\"https:\/\/www.learningpro.ro\/training\/vanzari\/\",\"url\":\"https:\/\/www.learningpro.ro\/training\/vanzari\/\",\"name\":\"Training V\u00e2nz\u0103ri - Learning Pro - Cum s\u0103 preg\u0103tim \u0219i s\u0103 \u00eencheiem v\u00e2nz\u0103ri\",\"isPartOf\":{\"@id\":\"https:\/\/www.learningpro.ro\/#website\"},\"datePublished\":\"2018-02-08T03:55:10+00:00\",\"dateModified\":\"2018-03-05T14:17:23+00:00\",\"description\":\"V\u00e2nz\u0103ri - Abordarea structurat\u0103 a v\u00e2nz\u0103rilor. Cum s\u0103 preg\u0103tim \u0219i s\u0103 \u00eencheiem v\u00e2nz\u0103ri care aduc valoare clien\u021bilor? Agilitatea \u00eenseamn\u0103 s\u0103 fii mai preg\u0103tit dec\u00e2t competitorii. Pentru un v\u00e2nz\u0103tor agil, timpul se m\u0103soar\u0103 \u00een s\u0103pt\u0103m\u00e2ni, nu ani. DESCARCA PREZENTAREA Module Prospectarea\",\"breadcrumb\":{\"@id\":\"https:\/\/www.learningpro.ro\/training\/vanzari\/#breadcrumb\"},\"inLanguage\":\"en-US\",\"potentialAction\":[{\"@type\":\"ReadAction\",\"target\":[\"https:\/\/www.learningpro.ro\/training\/vanzari\/\"]}]},{\"@type\":\"BreadcrumbList\",\"@id\":\"https:\/\/www.learningpro.ro\/training\/vanzari\/#breadcrumb\",\"itemListElement\":[{\"@type\":\"ListItem\",\"position\":1,\"name\":\"Prima pagin\u0103\",\"item\":\"https:\/\/www.learningpro.ro\/\"},{\"@type\":\"ListItem\",\"position\":2,\"name\":\"Training\",\"item\":\"https:\/\/www.learningpro.ro\/training\/\"},{\"@type\":\"ListItem\",\"position\":3,\"name\":\"V\u00e2nz\u0103ri\"}]},{\"@type\":\"WebSite\",\"@id\":\"https:\/\/www.learningpro.ro\/#website\",\"url\":\"https:\/\/www.learningpro.ro\/\",\"name\":\"Learning Pro\",\"description\":\"Your Knowledge Journey\",\"publisher\":{\"@id\":\"https:\/\/www.learningpro.ro\/#organization\"},\"potentialAction\":[{\"@type\":\"SearchAction\",\"target\":{\"@type\":\"EntryPoint\",\"urlTemplate\":\"https:\/\/www.learningpro.ro\/?s={search_term_string}\"},\"query-input\":{\"@type\":\"PropertyValueSpecification\",\"valueRequired\":true,\"valueName\":\"search_term_string\"}}],\"inLanguage\":\"en-US\"},{\"@type\":\"Organization\",\"@id\":\"https:\/\/www.learningpro.ro\/#organization\",\"name\":\"Learning Pro\",\"alternateName\":\"Learning Pro Consulting\",\"url\":\"https:\/\/www.learningpro.ro\/\",\"logo\":{\"@type\":\"ImageObject\",\"inLanguage\":\"en-US\",\"@id\":\"https:\/\/www.learningpro.ro\/#\/schema\/logo\/image\/\",\"url\":\"https:\/\/www.learningpro.ro\/wp-content\/uploads\/2023\/02\/Learning-Pro.svg\",\"contentUrl\":\"https:\/\/www.learningpro.ro\/wp-content\/uploads\/2023\/02\/Learning-Pro.svg\",\"width\":1,\"height\":1,\"caption\":\"Learning Pro\"},\"image\":{\"@id\":\"https:\/\/www.learningpro.ro\/#\/schema\/logo\/image\/\"},\"sameAs\":[\"https:\/\/www.facebook.com\/learningpro\/\",\"https:\/\/x.com\/Learning_Pro\",\"https:\/\/www.linkedin.com\/company\/LearningPro\/\",\"https:\/\/ro.pinterest.com\/learningpro\/\",\"https:\/\/www.youtube.com\/user\/LearningProTV\"]}]}<\/script>\n<!-- \/ Yoast SEO plugin. -->","yoast_head_json":{"title":"Training V\u00e2nz\u0103ri - Learning Pro - Cum s\u0103 preg\u0103tim \u0219i s\u0103 \u00eencheiem v\u00e2nz\u0103ri","description":"V\u00e2nz\u0103ri - Abordarea structurat\u0103 a v\u00e2nz\u0103rilor. Cum s\u0103 preg\u0103tim \u0219i s\u0103 \u00eencheiem v\u00e2nz\u0103ri care aduc valoare clien\u021bilor? Agilitatea \u00eenseamn\u0103 s\u0103 fii mai preg\u0103tit dec\u00e2t competitorii. Pentru un v\u00e2nz\u0103tor agil, timpul se m\u0103soar\u0103 \u00een s\u0103pt\u0103m\u00e2ni, nu ani. DESCARCA PREZENTAREA Module Prospectarea","robots":{"index":"index","follow":"follow","max-snippet":"max-snippet:-1","max-image-preview":"max-image-preview:large","max-video-preview":"max-video-preview:-1"},"canonical":"https:\/\/www.learningpro.ro\/training\/vanzari\/","og_locale":"en_US","og_type":"article","og_title":"Training V\u00e2nz\u0103ri - Learning Pro - Cum s\u0103 preg\u0103tim \u0219i s\u0103 \u00eencheiem v\u00e2nz\u0103ri","og_description":"V\u00e2nz\u0103ri - Abordarea structurat\u0103 a v\u00e2nz\u0103rilor. Cum s\u0103 preg\u0103tim \u0219i s\u0103 \u00eencheiem v\u00e2nz\u0103ri care aduc valoare clien\u021bilor? Agilitatea \u00eenseamn\u0103 s\u0103 fii mai preg\u0103tit dec\u00e2t competitorii. Pentru un v\u00e2nz\u0103tor agil, timpul se m\u0103soar\u0103 \u00een s\u0103pt\u0103m\u00e2ni, nu ani. DESCARCA PREZENTAREA Module Prospectarea","og_url":"https:\/\/www.learningpro.ro\/training\/vanzari\/","og_site_name":"Learning Pro","article_publisher":"https:\/\/www.facebook.com\/learningpro\/","article_modified_time":"2018-03-05T14:17:23+00:00","twitter_card":"summary_large_image","twitter_site":"@Learning_Pro","twitter_misc":{"Est. reading time":"3 minutes"},"schema":{"@context":"https:\/\/schema.org","@graph":[{"@type":"WebPage","@id":"https:\/\/www.learningpro.ro\/training\/vanzari\/","url":"https:\/\/www.learningpro.ro\/training\/vanzari\/","name":"Training V\u00e2nz\u0103ri - Learning Pro - Cum s\u0103 preg\u0103tim \u0219i s\u0103 \u00eencheiem v\u00e2nz\u0103ri","isPartOf":{"@id":"https:\/\/www.learningpro.ro\/#website"},"datePublished":"2018-02-08T03:55:10+00:00","dateModified":"2018-03-05T14:17:23+00:00","description":"V\u00e2nz\u0103ri - Abordarea structurat\u0103 a v\u00e2nz\u0103rilor. Cum s\u0103 preg\u0103tim \u0219i s\u0103 \u00eencheiem v\u00e2nz\u0103ri care aduc valoare clien\u021bilor? Agilitatea \u00eenseamn\u0103 s\u0103 fii mai preg\u0103tit dec\u00e2t competitorii. Pentru un v\u00e2nz\u0103tor agil, timpul se m\u0103soar\u0103 \u00een s\u0103pt\u0103m\u00e2ni, nu ani. DESCARCA PREZENTAREA Module Prospectarea","breadcrumb":{"@id":"https:\/\/www.learningpro.ro\/training\/vanzari\/#breadcrumb"},"inLanguage":"en-US","potentialAction":[{"@type":"ReadAction","target":["https:\/\/www.learningpro.ro\/training\/vanzari\/"]}]},{"@type":"BreadcrumbList","@id":"https:\/\/www.learningpro.ro\/training\/vanzari\/#breadcrumb","itemListElement":[{"@type":"ListItem","position":1,"name":"Prima pagin\u0103","item":"https:\/\/www.learningpro.ro\/"},{"@type":"ListItem","position":2,"name":"Training","item":"https:\/\/www.learningpro.ro\/training\/"},{"@type":"ListItem","position":3,"name":"V\u00e2nz\u0103ri"}]},{"@type":"WebSite","@id":"https:\/\/www.learningpro.ro\/#website","url":"https:\/\/www.learningpro.ro\/","name":"Learning Pro","description":"Your Knowledge Journey","publisher":{"@id":"https:\/\/www.learningpro.ro\/#organization"},"potentialAction":[{"@type":"SearchAction","target":{"@type":"EntryPoint","urlTemplate":"https:\/\/www.learningpro.ro\/?s={search_term_string}"},"query-input":{"@type":"PropertyValueSpecification","valueRequired":true,"valueName":"search_term_string"}}],"inLanguage":"en-US"},{"@type":"Organization","@id":"https:\/\/www.learningpro.ro\/#organization","name":"Learning Pro","alternateName":"Learning Pro Consulting","url":"https:\/\/www.learningpro.ro\/","logo":{"@type":"ImageObject","inLanguage":"en-US","@id":"https:\/\/www.learningpro.ro\/#\/schema\/logo\/image\/","url":"https:\/\/www.learningpro.ro\/wp-content\/uploads\/2023\/02\/Learning-Pro.svg","contentUrl":"https:\/\/www.learningpro.ro\/wp-content\/uploads\/2023\/02\/Learning-Pro.svg","width":1,"height":1,"caption":"Learning Pro"},"image":{"@id":"https:\/\/www.learningpro.ro\/#\/schema\/logo\/image\/"},"sameAs":["https:\/\/www.facebook.com\/learningpro\/","https:\/\/x.com\/Learning_Pro","https:\/\/www.linkedin.com\/company\/LearningPro\/","https:\/\/ro.pinterest.com\/learningpro\/","https:\/\/www.youtube.com\/user\/LearningProTV"]}]}},"_links":{"self":[{"href":"https:\/\/www.learningpro.ro\/en\/wp-json\/wp\/v2\/pages\/345","targetHints":{"allow":["GET"]}}],"collection":[{"href":"https:\/\/www.learningpro.ro\/en\/wp-json\/wp\/v2\/pages"}],"about":[{"href":"https:\/\/www.learningpro.ro\/en\/wp-json\/wp\/v2\/types\/page"}],"author":[{"embeddable":true,"href":"https:\/\/www.learningpro.ro\/en\/wp-json\/wp\/v2\/users\/1"}],"replies":[{"embeddable":true,"href":"https:\/\/www.learningpro.ro\/en\/wp-json\/wp\/v2\/comments?post=345"}],"version-history":[{"count":7,"href":"https:\/\/www.learningpro.ro\/en\/wp-json\/wp\/v2\/pages\/345\/revisions"}],"predecessor-version":[{"id":914,"href":"https:\/\/www.learningpro.ro\/en\/wp-json\/wp\/v2\/pages\/345\/revisions\/914"}],"up":[{"embeddable":true,"href":"https:\/\/www.learningpro.ro\/en\/wp-json\/wp\/v2\/pages\/305"}],"wp:attachment":[{"href":"https:\/\/www.learningpro.ro\/en\/wp-json\/wp\/v2\/media?parent=345"}],"curies":[{"name":"wp","href":"https:\/\/api.w.org\/{rel}","templated":true}]}}