{"id":333,"date":"2018-02-07T12:51:43","date_gmt":"2018-02-07T12:51:43","guid":{"rendered":"http:\/\/www.learningpro.ro\/?page_id=333"},"modified":"2018-03-05T11:42:09","modified_gmt":"2018-03-05T11:42:09","slug":"customer-care","status":"publish","type":"page","link":"https:\/\/www.learningpro.ro\/en\/training\/customer-care\/","title":{"rendered":"Customer Care"},"content":{"rendered":"<p>[vc_row full_width=&#8221;stretch_row&#8221; css=&#8221;.vc_custom_1518007485461{padding-top: 80px !important;padding-bottom: 80px !important;background-image: url(http:\/\/www.learningpro.ro\/wp-content\/uploads\/2018\/02\/customercare01.jpg?id=335) !important;background-position: center !important;background-repeat: no-repeat !important;background-size: cover !important;}&#8221;][vc_column][vc_column_text el_class=&#8221;alb&#8221;]<\/p>\n<h1>Customer Care<\/h1>\n<p class=\"big\">How to understand the expectations of our customers and offer them a memorable experience?<\/p>\n<p>&nbsp;<\/p>\n<p><a   class=\"button  has-icon button_right button_size_2\"  href=\"http:\/\/www.learningpro.ro\/wp-content\/uploads\/2018\/02\/Customer-Care-Learning-Pro.pdf\" target=\"_blank\"    title=\"\"><span class=\"button_icon\"><i class=\"icon-download\"  aria-hidden=\"true\"><\/i><\/span><span class=\"button_label\">DOWNLOAD BROCHURE<\/span><\/a>\n[\/vc_column_text][\/vc_column][\/vc_row][vc_row][vc_column][vc_column_text]<\/p>\n<h2 style=\"text-align: center;\">Themes<\/h2>\n<p>[\/vc_column_text][vc_separator color=&#8221;custom&#8221; border_width=&#8221;3&#8243; el_width=&#8221;30&#8243; accent_color=&#8221;#ff0f5f&#8221;][vc_row_inner css=&#8221;.vc_custom_1518006105103{padding-top: 30px !important;}&#8221;][vc_column_inner width=&#8221;1\/2&#8243;][vc_column_text css_animation=&#8221;fadeInLeft&#8221;]<\/p>\n<h3 style=\"text-align: right;\">LISTENING<\/h3>\n<p style=\"text-align: right;\">Attention and care for the client<br \/>\nThe CARESS model of listening to the customer<br \/>\nThe Power of Empathy and how we use it<br \/>\nUnderstand the conversation dynamics to understand the client&#8217;s perspective<\/p>\n<h3 style=\"text-align: right;\">LISTENING<\/h3>\n<p style=\"text-align: right;\">Client involvement in solution<br \/>\nRelationship &#8211; at the communication but also emotional level, the key to a customer experience<br \/>\nUsing transitional phrases to check comprehension and challenge requesting needs fulfillment<br \/>\nTips &amp; Tricks for Relationship<\/p>\n<h3 style=\"text-align: right;\">LISTENING<\/h3>\n<p style=\"text-align: right;\">Focus for impact through a customer-based solution<br \/>\nHow we prepare the call to a client so that we increase our chances of success<br \/>\nInvestigating techniques for the real needs: high value questions; questions like tactics<\/p>\n<p>[\/vc_column_text][\/vc_column_inner][vc_column_inner width=&#8221;1\/2&#8243;][vc_column_text css_animation=&#8221;fadeInRight&#8221;]<\/p>\n<h3 style=\"text-align: left;\">RESPONSE<\/h3>\n<p style=\"text-align: left;\">Reaction versus response<br \/>\nBuyer matrix<br \/>\nCustomer perception and how their expectations are formed<br \/>\nBeing accountable for the answer<\/p>\n<h3 style=\"text-align: left;\">RESPONSE<\/h3>\n<p style=\"text-align: left;\">Aligned with the customer perception and motivation<br \/>\nThe power of customer perception<br \/>\nCustomer buying reasons<\/p>\n<h3 style=\"text-align: left;\">RESPONSE<\/h3>\n<p style=\"text-align: left;\">To customer needs, expressed or anticipated<br \/>\nCustomer transformations and their impact<br \/>\nCustomer relationship support &#8211; the key to a proactive response to customer needs<\/p>\n<p>[\/vc_column_text][\/vc_column_inner][\/vc_row_inner][\/vc_column][\/vc_row][vc_row full_width=&#8221;stretch_row&#8221; parallax=&#8221;content-moving&#8221; parallax_image=&#8221;336&#8243;][vc_column][vc_column_text css=&#8221;.vc_custom_1520245824744{padding-top: 200px !important;padding-bottom: 200px !important;}&#8221;]<\/p>\n<p style=\"text-align: center;\"><a   class=\"button  button_size_2\"  href=\"\/cere-un-demo\/\" style=\"background-color:#ff105f!important;color:#fff;\"     title=\"\"><span class=\"button_label\">ASK A DEMO<\/span><\/a>\n<\/p>\n<p>[\/vc_column_text][\/vc_column][\/vc_row][vc_row full_width=&#8221;stretch_row&#8221; css=&#8221;.vc_custom_1518006141981{padding-top: 60px !important;padding-bottom: 60px !important;background-image: url(http:\/\/www.learningpro.ro\/wp-content\/uploads\/2018\/02\/bg01.png?id=319) !important;background-position: center !important;background-repeat: no-repeat !important;background-size: cover !important;}&#8221;][vc_column][vc_row_inner][vc_column_inner width=&#8221;1\/2&#8243;][vc_column_text]<\/p>\n<h3>Objectives<\/h3>\n<ul>\n<li>Knowledge and application of methods to build and maintain customer relationship<\/li>\n<li>Knowing and applying methods to investigate and identify customer needs<\/li>\n<li>Strengthening empathic and showing interest to the customer skills as well as customer responsiveness<\/li>\n<\/ul>\n<p>[\/vc_column_text][\/vc_column_inner][vc_column_inner width=&#8221;1\/2&#8243;][vc_column_text]<\/p>\n<h3>Approach<\/h3>\n<p>The course is centered on raising awareness of own behavior and experiential learning.<\/p>\n<p>An important component is the motivation of participants to apply the learned principles.<\/p>\n<p>The impact of the course can be assessed using specific measurement tools.[\/vc_column_text][\/vc_column_inner][\/vc_row_inner][vc_row_inner][vc_column_inner width=&#8221;1\/2&#8243;][vc_column_text]<\/p>\n<h3>Methods<\/h3>\n<ul>\n<li>Flipchart and video projector presentations<\/li>\n<li>Case studies, Interactive exercises<\/li>\n<li>Teamwork, Reflections, Role Playing Games<\/li>\n<li>Movies, Motivational Stories<\/li>\n<li>Brainstorming<\/li>\n<\/ul>\n<p>[\/vc_column_text][\/vc_column_inner][vc_column_inner width=&#8221;1\/2&#8243;][vc_column_text]<\/p>\n<h3>Organization<\/h3>\n<p><strong>Duration:<\/strong> 2 days (8h \/ day) &#8211; including breaks \/ 6-15 participants<\/p>\n<p><strong>Target group:<\/strong> All departments that have direct and frequent contact with customers<\/p>\n<p><strong>Participants<\/strong> will receive specific work tools (hands-outs, worksheets, guides etc.)<\/p>\n<p>&nbsp;<\/p>\n<p><a   class=\"button  has-icon button_right button_size_2\"  href=\"\/CONTACT\/\" style=\"background-color:#ff105f!important;color:#fff;\"     title=\"\"><span class=\"button_icon\"><i class=\"icon-phone\"  style=\"color:#fff!important;\" aria-hidden=\"true\"><\/i><\/span><span class=\"button_label\">CONTACT US<\/span><\/a>\n[\/vc_column_text][\/vc_column_inner][\/vc_row_inner][\/vc_column][\/vc_row]<\/p>\n","protected":false},"excerpt":{"rendered":"<p>[vc_row full_width=&#8221;stretch_row&#8221; css=&#8221;.vc_custom_1518007485461{padding-top: 80px !important;padding-bottom: 80px !important;background-image: url(http:\/\/www.learningpro.ro\/wp-content\/uploads\/2018\/02\/customercare01.jpg?id=335) !important;background-position: center !important;background-repeat: no-repeat !important;background-size: cover !important;}&#8221;][vc_column][vc_column_text el_class=&#8221;alb&#8221;] Customer Care How to understand the expectations of our customers and offer them a memorable experience? &nbsp; [\/vc_column_text][\/vc_column][\/vc_row][vc_row][vc_column][vc_column_text] Themes [\/vc_column_text][vc_separator color=&#8221;custom&#8221; border_width=&#8221;3&#8243; el_width=&#8221;30&#8243; accent_color=&#8221;#ff0f5f&#8221;][vc_row_inner css=&#8221;.vc_custom_1518006105103{padding-top: 30px !important;}&#8221;][vc_column_inner width=&#8221;1\/2&#8243;][vc_column_text css_animation=&#8221;fadeInLeft&#8221;] LISTENING Attention and care for<span class=\"excerpt-hellip\"> [\u2026]<\/span><\/p>\n","protected":false},"author":1,"featured_media":0,"parent":305,"menu_order":0,"comment_status":"closed","ping_status":"closed","template":"","meta":{"footnotes":""},"class_list":["post-333","page","type-page","status-publish","hentry"],"yoast_head":"<!-- This site is optimized with the Yoast SEO plugin v27.2 - https:\/\/yoast.com\/product\/yoast-seo-wordpress\/ -->\n<title>Customer Care - Learning Pro - Cum s\u0103 \u00een\u021belegem a\u0219tept\u0103rile clien\u021bilor<\/title>\n<meta name=\"description\" content=\"Customer Care Cum s\u0103 \u00een\u021belegem a\u0219tept\u0103rile clien\u021bilor \u0219i s\u0103 le oferim o experien\u021b\u0103 memorabil\u0103? \u00cen ultimii 4 ani, num\u0103rul clien\u021bilor care renun\u021b\u0103 la o rela\u021bie de afaceri din cauza unei experien\u021be necorespunz\u0103toare a crescut de la 59% la 86%. Harris Interactive\" \/>\n<meta name=\"robots\" content=\"index, follow, max-snippet:-1, max-image-preview:large, max-video-preview:-1\" \/>\n<link rel=\"canonical\" href=\"https:\/\/www.learningpro.ro\/training\/customer-care\/\" \/>\n<meta property=\"og:locale\" content=\"en_US\" \/>\n<meta property=\"og:type\" content=\"article\" \/>\n<meta property=\"og:title\" content=\"Customer Care - Learning Pro - Cum s\u0103 \u00een\u021belegem a\u0219tept\u0103rile clien\u021bilor\" \/>\n<meta property=\"og:description\" content=\"Customer Care Cum s\u0103 \u00een\u021belegem a\u0219tept\u0103rile clien\u021bilor \u0219i s\u0103 le oferim o experien\u021b\u0103 memorabil\u0103? \u00cen ultimii 4 ani, num\u0103rul clien\u021bilor care renun\u021b\u0103 la o rela\u021bie de afaceri din cauza unei experien\u021be necorespunz\u0103toare a crescut de la 59% la 86%. Harris Interactive\" \/>\n<meta property=\"og:url\" content=\"https:\/\/www.learningpro.ro\/training\/customer-care\/\" \/>\n<meta property=\"og:site_name\" content=\"Learning Pro\" \/>\n<meta property=\"article:publisher\" content=\"https:\/\/www.facebook.com\/learningpro\/\" \/>\n<meta property=\"article:modified_time\" content=\"2018-03-05T11:42:09+00:00\" \/>\n<meta name=\"twitter:card\" content=\"summary_large_image\" \/>\n<meta name=\"twitter:site\" content=\"@Learning_Pro\" \/>\n<meta name=\"twitter:label1\" content=\"Est. reading time\" \/>\n\t<meta name=\"twitter:data1\" content=\"3 minutes\" \/>\n<script type=\"application\/ld+json\" class=\"yoast-schema-graph\">{\"@context\":\"https:\/\/schema.org\",\"@graph\":[{\"@type\":\"WebPage\",\"@id\":\"https:\/\/www.learningpro.ro\/training\/customer-care\/\",\"url\":\"https:\/\/www.learningpro.ro\/training\/customer-care\/\",\"name\":\"Customer Care - Learning Pro - Cum s\u0103 \u00een\u021belegem a\u0219tept\u0103rile clien\u021bilor\",\"isPartOf\":{\"@id\":\"https:\/\/www.learningpro.ro\/#website\"},\"datePublished\":\"2018-02-07T12:51:43+00:00\",\"dateModified\":\"2018-03-05T11:42:09+00:00\",\"description\":\"Customer Care Cum s\u0103 \u00een\u021belegem a\u0219tept\u0103rile clien\u021bilor \u0219i s\u0103 le oferim o experien\u021b\u0103 memorabil\u0103? \u00cen ultimii 4 ani, num\u0103rul clien\u021bilor care renun\u021b\u0103 la o rela\u021bie de afaceri din cauza unei experien\u021be necorespunz\u0103toare a crescut de la 59% la 86%. Harris Interactive\",\"breadcrumb\":{\"@id\":\"https:\/\/www.learningpro.ro\/training\/customer-care\/#breadcrumb\"},\"inLanguage\":\"en-US\",\"potentialAction\":[{\"@type\":\"ReadAction\",\"target\":[\"https:\/\/www.learningpro.ro\/training\/customer-care\/\"]}]},{\"@type\":\"BreadcrumbList\",\"@id\":\"https:\/\/www.learningpro.ro\/training\/customer-care\/#breadcrumb\",\"itemListElement\":[{\"@type\":\"ListItem\",\"position\":1,\"name\":\"Prima pagin\u0103\",\"item\":\"https:\/\/www.learningpro.ro\/\"},{\"@type\":\"ListItem\",\"position\":2,\"name\":\"Training\",\"item\":\"https:\/\/www.learningpro.ro\/training\/\"},{\"@type\":\"ListItem\",\"position\":3,\"name\":\"Customer Care\"}]},{\"@type\":\"WebSite\",\"@id\":\"https:\/\/www.learningpro.ro\/#website\",\"url\":\"https:\/\/www.learningpro.ro\/\",\"name\":\"Learning Pro\",\"description\":\"Your Knowledge Journey\",\"publisher\":{\"@id\":\"https:\/\/www.learningpro.ro\/#organization\"},\"potentialAction\":[{\"@type\":\"SearchAction\",\"target\":{\"@type\":\"EntryPoint\",\"urlTemplate\":\"https:\/\/www.learningpro.ro\/?s={search_term_string}\"},\"query-input\":{\"@type\":\"PropertyValueSpecification\",\"valueRequired\":true,\"valueName\":\"search_term_string\"}}],\"inLanguage\":\"en-US\"},{\"@type\":\"Organization\",\"@id\":\"https:\/\/www.learningpro.ro\/#organization\",\"name\":\"Learning Pro\",\"alternateName\":\"Learning Pro Consulting\",\"url\":\"https:\/\/www.learningpro.ro\/\",\"logo\":{\"@type\":\"ImageObject\",\"inLanguage\":\"en-US\",\"@id\":\"https:\/\/www.learningpro.ro\/#\/schema\/logo\/image\/\",\"url\":\"https:\/\/www.learningpro.ro\/wp-content\/uploads\/2023\/02\/Learning-Pro.svg\",\"contentUrl\":\"https:\/\/www.learningpro.ro\/wp-content\/uploads\/2023\/02\/Learning-Pro.svg\",\"width\":1,\"height\":1,\"caption\":\"Learning Pro\"},\"image\":{\"@id\":\"https:\/\/www.learningpro.ro\/#\/schema\/logo\/image\/\"},\"sameAs\":[\"https:\/\/www.facebook.com\/learningpro\/\",\"https:\/\/x.com\/Learning_Pro\",\"https:\/\/www.linkedin.com\/company\/LearningPro\/\",\"https:\/\/ro.pinterest.com\/learningpro\/\",\"https:\/\/www.youtube.com\/user\/LearningProTV\"]}]}<\/script>\n<!-- \/ Yoast SEO plugin. -->","yoast_head_json":{"title":"Customer Care - Learning Pro - Cum s\u0103 \u00een\u021belegem a\u0219tept\u0103rile clien\u021bilor","description":"Customer Care Cum s\u0103 \u00een\u021belegem a\u0219tept\u0103rile clien\u021bilor \u0219i s\u0103 le oferim o experien\u021b\u0103 memorabil\u0103? \u00cen ultimii 4 ani, num\u0103rul clien\u021bilor care renun\u021b\u0103 la o rela\u021bie de afaceri din cauza unei experien\u021be necorespunz\u0103toare a crescut de la 59% la 86%. Harris Interactive","robots":{"index":"index","follow":"follow","max-snippet":"max-snippet:-1","max-image-preview":"max-image-preview:large","max-video-preview":"max-video-preview:-1"},"canonical":"https:\/\/www.learningpro.ro\/training\/customer-care\/","og_locale":"en_US","og_type":"article","og_title":"Customer Care - Learning Pro - Cum s\u0103 \u00een\u021belegem a\u0219tept\u0103rile clien\u021bilor","og_description":"Customer Care Cum s\u0103 \u00een\u021belegem a\u0219tept\u0103rile clien\u021bilor \u0219i s\u0103 le oferim o experien\u021b\u0103 memorabil\u0103? \u00cen ultimii 4 ani, num\u0103rul clien\u021bilor care renun\u021b\u0103 la o rela\u021bie de afaceri din cauza unei experien\u021be necorespunz\u0103toare a crescut de la 59% la 86%. Harris Interactive","og_url":"https:\/\/www.learningpro.ro\/training\/customer-care\/","og_site_name":"Learning Pro","article_publisher":"https:\/\/www.facebook.com\/learningpro\/","article_modified_time":"2018-03-05T11:42:09+00:00","twitter_card":"summary_large_image","twitter_site":"@Learning_Pro","twitter_misc":{"Est. reading time":"3 minutes"},"schema":{"@context":"https:\/\/schema.org","@graph":[{"@type":"WebPage","@id":"https:\/\/www.learningpro.ro\/training\/customer-care\/","url":"https:\/\/www.learningpro.ro\/training\/customer-care\/","name":"Customer Care - Learning Pro - Cum s\u0103 \u00een\u021belegem a\u0219tept\u0103rile clien\u021bilor","isPartOf":{"@id":"https:\/\/www.learningpro.ro\/#website"},"datePublished":"2018-02-07T12:51:43+00:00","dateModified":"2018-03-05T11:42:09+00:00","description":"Customer Care Cum s\u0103 \u00een\u021belegem a\u0219tept\u0103rile clien\u021bilor \u0219i s\u0103 le oferim o experien\u021b\u0103 memorabil\u0103? \u00cen ultimii 4 ani, num\u0103rul clien\u021bilor care renun\u021b\u0103 la o rela\u021bie de afaceri din cauza unei experien\u021be necorespunz\u0103toare a crescut de la 59% la 86%. Harris Interactive","breadcrumb":{"@id":"https:\/\/www.learningpro.ro\/training\/customer-care\/#breadcrumb"},"inLanguage":"en-US","potentialAction":[{"@type":"ReadAction","target":["https:\/\/www.learningpro.ro\/training\/customer-care\/"]}]},{"@type":"BreadcrumbList","@id":"https:\/\/www.learningpro.ro\/training\/customer-care\/#breadcrumb","itemListElement":[{"@type":"ListItem","position":1,"name":"Prima pagin\u0103","item":"https:\/\/www.learningpro.ro\/"},{"@type":"ListItem","position":2,"name":"Training","item":"https:\/\/www.learningpro.ro\/training\/"},{"@type":"ListItem","position":3,"name":"Customer Care"}]},{"@type":"WebSite","@id":"https:\/\/www.learningpro.ro\/#website","url":"https:\/\/www.learningpro.ro\/","name":"Learning Pro","description":"Your Knowledge Journey","publisher":{"@id":"https:\/\/www.learningpro.ro\/#organization"},"potentialAction":[{"@type":"SearchAction","target":{"@type":"EntryPoint","urlTemplate":"https:\/\/www.learningpro.ro\/?s={search_term_string}"},"query-input":{"@type":"PropertyValueSpecification","valueRequired":true,"valueName":"search_term_string"}}],"inLanguage":"en-US"},{"@type":"Organization","@id":"https:\/\/www.learningpro.ro\/#organization","name":"Learning Pro","alternateName":"Learning Pro Consulting","url":"https:\/\/www.learningpro.ro\/","logo":{"@type":"ImageObject","inLanguage":"en-US","@id":"https:\/\/www.learningpro.ro\/#\/schema\/logo\/image\/","url":"https:\/\/www.learningpro.ro\/wp-content\/uploads\/2023\/02\/Learning-Pro.svg","contentUrl":"https:\/\/www.learningpro.ro\/wp-content\/uploads\/2023\/02\/Learning-Pro.svg","width":1,"height":1,"caption":"Learning Pro"},"image":{"@id":"https:\/\/www.learningpro.ro\/#\/schema\/logo\/image\/"},"sameAs":["https:\/\/www.facebook.com\/learningpro\/","https:\/\/x.com\/Learning_Pro","https:\/\/www.linkedin.com\/company\/LearningPro\/","https:\/\/ro.pinterest.com\/learningpro\/","https:\/\/www.youtube.com\/user\/LearningProTV"]}]}},"_links":{"self":[{"href":"https:\/\/www.learningpro.ro\/en\/wp-json\/wp\/v2\/pages\/333","targetHints":{"allow":["GET"]}}],"collection":[{"href":"https:\/\/www.learningpro.ro\/en\/wp-json\/wp\/v2\/pages"}],"about":[{"href":"https:\/\/www.learningpro.ro\/en\/wp-json\/wp\/v2\/types\/page"}],"author":[{"embeddable":true,"href":"https:\/\/www.learningpro.ro\/en\/wp-json\/wp\/v2\/users\/1"}],"replies":[{"embeddable":true,"href":"https:\/\/www.learningpro.ro\/en\/wp-json\/wp\/v2\/comments?post=333"}],"version-history":[{"count":9,"href":"https:\/\/www.learningpro.ro\/en\/wp-json\/wp\/v2\/pages\/333\/revisions"}],"predecessor-version":[{"id":887,"href":"https:\/\/www.learningpro.ro\/en\/wp-json\/wp\/v2\/pages\/333\/revisions\/887"}],"up":[{"embeddable":true,"href":"https:\/\/www.learningpro.ro\/en\/wp-json\/wp\/v2\/pages\/305"}],"wp:attachment":[{"href":"https:\/\/www.learningpro.ro\/en\/wp-json\/wp\/v2\/media?parent=333"}],"curies":[{"name":"wp","href":"https:\/\/api.w.org\/{rel}","templated":true}]}}