{"id":309,"date":"2018-02-07T11:19:35","date_gmt":"2018-02-07T11:19:35","guid":{"rendered":"http:\/\/www.learningpro.ro\/?page_id=309"},"modified":"2018-03-05T13:40:01","modified_gmt":"2018-03-05T13:40:01","slug":"customer-engagement","status":"publish","type":"page","link":"https:\/\/www.learningpro.ro\/en\/training\/customer-engagement\/","title":{"rendered":"Customer Engagement"},"content":{"rendered":"<p>[vc_row full_width=&#8221;stretch_row&#8221; css=&#8221;.vc_custom_1518067462123{padding-top: 80px !important;padding-bottom: 80px !important;background-image: url(http:\/\/www.learningpro.ro\/wp-content\/uploads\/2018\/02\/Customer-engagement-bg.jpg?id=310) !important;background-position: center !important;background-repeat: no-repeat !important;background-size: cover !important;}&#8221;][vc_column][vc_column_text el_class=&#8221;alb&#8221;]<\/p>\n<h1>Customer Engagement<\/h1>\n<p class=\"big\">How do we anticipate what, where and how do customers want our services to be offered?<\/p>\n<blockquote><p>\u201cInside of every old customer is a new customer waiting to break out and spend more money with you.\u201d<\/p><\/blockquote>\n<p><em>Murray Raphel<\/em><\/p>\n<p><a   class=\"button  has-icon button_right button_size_2\"  href=\"http:\/\/www.learningpro.ro\/wp-content\/uploads\/2018\/02\/ENGAGE-Learning-Pro.pdf\" target=\"_blank\"    title=\"\"><span class=\"button_icon\"><i class=\"icon-download\"  aria-hidden=\"true\"><\/i><\/span><span class=\"button_label\">DOWNLOAD BROCHURE<\/span><\/a>\n[\/vc_column_text][\/vc_column][\/vc_row][vc_row][vc_column][vc_column_text]<\/p>\n<h2 style=\"text-align: center;\">Modules<\/h2>\n<p>[\/vc_column_text][vc_separator color=&#8221;custom&#8221; border_width=&#8221;3&#8243; el_width=&#8221;30&#8243; accent_color=&#8221;#ff0f5f&#8221;][vc_row_inner css=&#8221;.vc_custom_1518006105103{padding-top: 30px !important;}&#8221;][vc_column_inner width=&#8221;1\/2&#8243;][vc_column_text css_animation=&#8221;fadeInLeft&#8221;]<\/p>\n<h3 style=\"text-align: right;\">Customer engagement &#8211; the secret of loyalty<\/h3>\n<p style=\"text-align: right;\">Why do the customers come to us?<br \/>\nWhy customers want to leave?<br \/>\nEmpathy Map<br \/>\nInvolving client in solution<\/p>\n<h3 style=\"text-align: right;\">Value for Client<\/h3>\n<p style=\"text-align: right;\">Focus for impact through solution based on value perceived by the customer<br \/>\nHow we identify and harness what represent value for a client; Opportunities Map<br \/>\nHow to prepare the call to a client so that we increase our chances of success<br \/>\nTips &amp; Tricks for linking and investigating the value perceived by the client<\/p>\n<p>[\/vc_column_text][\/vc_column_inner][vc_column_inner width=&#8221;1\/2&#8243;][vc_column_text css_animation=&#8221;fadeInRight&#8221;]<\/p>\n<h3 style=\"text-align: left;\">Creating &amp; Maintaining relationships<\/h3>\n<p style=\"text-align: left;\">Relationship &#8211; at the communication but also emotional level, the key to an experience for the client that leads him to buy or remain loyal<br \/>\nUnderstand the conversation dynamics to understand the client&#8217;s perspective<br \/>\nInvestigating techniques for the real needs: high value questions; questions like tactics<\/p>\n<h3 style=\"text-align: left;\">R-ENGAGE<\/h3>\n<p style=\"text-align: left;\">Follow-up and written communication &#8211; how to exploit these opportunities to create a WOW experience for customers that lead to customer retention<br \/>\nUsing transitional phrases to check comprehension and challenge requesting needs fulfillment Changing the focus from pricing to consulting<\/p>\n<p>[\/vc_column_text][\/vc_column_inner][\/vc_row_inner][\/vc_column][\/vc_row][vc_row full_width=&#8221;stretch_row&#8221; parallax=&#8221;content-moving&#8221; parallax_image=&#8221;322&#8243;][vc_column][vc_column_text css=&#8221;.vc_custom_1520249515624{padding-top: 200px !important;padding-bottom: 200px !important;}&#8221;]<\/p>\n<p style=\"text-align: center;\"><a   class=\"button  button_size_2\"  href=\"\/cere-un-demo\/\" style=\"background-color:#ff105f!important;color:#fff;\"     title=\"\"><span class=\"button_label\">ENGAGE WITH US<\/span><\/a>\n<\/p>\n<p>[\/vc_column_text][\/vc_column][\/vc_row][vc_row full_width=&#8221;stretch_row&#8221; css=&#8221;.vc_custom_1518006141981{padding-top: 60px !important;padding-bottom: 60px !important;background-image: url(http:\/\/www.learningpro.ro\/wp-content\/uploads\/2018\/02\/bg01.png?id=319) !important;background-position: center !important;background-repeat: no-repeat !important;background-size: cover !important;}&#8221;][vc_column][vc_row_inner][vc_column_inner width=&#8221;1\/2&#8243;][vc_column_text]<\/p>\n<h3>Objectives<\/h3>\n<ul>\n<li>Raising awareness and understanding of the need to apply customer engagement methods<\/li>\n<li>Describing the customer engagement process within the customer experience<\/li>\n<li>Knowledge transfer and application of customer engagement techniques<\/li>\n<\/ul>\n<p>[\/vc_column_text][\/vc_column_inner][vc_column_inner width=&#8221;1\/2&#8243;][vc_column_text]<\/p>\n<h3 style=\"text-align: left;\">Approach<\/h3>\n<p>The training intervention is fully personalized and structured in an effective learning approach applied to real-life situations, similar to those faced by the participants in daily activity.<\/p>\n<p>Thus, the ENGAGE solution consists of an intensive workshop session, using accelerated development techniques, group coaching, practical application of transferred skills, team exercises and feed-back.<\/p>\n<p>[\/vc_column_text][\/vc_column_inner][\/vc_row_inner][vc_row_inner][vc_column_inner width=&#8221;1\/2&#8243;][vc_column_text]<\/p>\n<h3>Methods<\/h3>\n<ul>\n<li>Flipchart and video projector presentations<\/li>\n<li>Case studies, Interactive exercises<\/li>\n<li>Teamwork, Reflections, Role Playing Games<\/li>\n<li>Movies, Motivational Stories<\/li>\n<li>Brainstorming<\/li>\n<\/ul>\n<p>[\/vc_column_text][\/vc_column_inner][vc_column_inner width=&#8221;1\/2&#8243;][vc_column_text]<\/p>\n<h3>Organization<\/h3>\n<p><strong>Duration:<\/strong> 1 day (8h \/ day) &#8211; including breaks \/ 6-15 participants<\/p>\n<p><strong>Target group:<\/strong> sales teams, front-office staff, relationship managers, all persons involved in the sale of products \/ services<\/p>\n<p><strong>Participants<\/strong> will receive specific work tools (hands-outs, worksheets, guides etc.)<\/p>\n<p>&nbsp;<\/p>\n<p><a   class=\"button  has-icon button_right button_size_2\"  href=\"\/CONTACT\/\" style=\"background-color:#ff105f!important;color:#fff;\"     title=\"\"><span class=\"button_icon\"><i class=\"icon-phone\"  style=\"color:#fff!important;\" aria-hidden=\"true\"><\/i><\/span><span class=\"button_label\">CONTACT US<\/span><\/a>\n[\/vc_column_text][\/vc_column_inner][\/vc_row_inner][\/vc_column][\/vc_row]<\/p>\n","protected":false},"excerpt":{"rendered":"<p>[vc_row full_width=&#8221;stretch_row&#8221; css=&#8221;.vc_custom_1518067462123{padding-top: 80px !important;padding-bottom: 80px !important;background-image: url(http:\/\/www.learningpro.ro\/wp-content\/uploads\/2018\/02\/Customer-engagement-bg.jpg?id=310) !important;background-position: center !important;background-repeat: no-repeat !important;background-size: cover !important;}&#8221;][vc_column][vc_column_text el_class=&#8221;alb&#8221;] Customer Engagement How do we anticipate what, where and how do customers want our services to be offered? \u201cInside of every old customer is a new customer waiting to break out and spend more<span class=\"excerpt-hellip\"> [\u2026]<\/span><\/p>\n","protected":false},"author":1,"featured_media":0,"parent":305,"menu_order":0,"comment_status":"closed","ping_status":"closed","template":"","meta":{"footnotes":""},"class_list":["post-309","page","type-page","status-publish","hentry"],"yoast_head":"<!-- This site is optimized with the Yoast SEO plugin v27.2 - https:\/\/yoast.com\/product\/yoast-seo-wordpress\/ -->\n<title>Customer Engagement - Cum s\u0103 anticip\u0103m ce, unde \u0219i cum vor clien\u021bii<\/title>\n<meta name=\"description\" content=\"Customer Engagement Cum s\u0103 anticip\u0103m ce, unde \u0219i cum vor clien\u021bii s\u0103 le fie oferite serviciile noastre? \u201c\u00cen fiecare client vechi se afl\u0103 unul nou care a\u0219teapt\u0103 s\u0103 ias\u0103 \u0219i s\u0103 cheltuie mai mul\u021bi bani cu tine.\u201d Murray Raphel Module Customer engagement \u2013 secretul loializ\u0103rii De ce vin clien\u021bii? De ce vor s\u0103 plece clien\u021bii?\" \/>\n<meta name=\"robots\" content=\"index, follow, max-snippet:-1, max-image-preview:large, max-video-preview:-1\" \/>\n<link rel=\"canonical\" href=\"https:\/\/www.learningpro.ro\/training\/customer-engagement\/\" \/>\n<meta property=\"og:locale\" content=\"en_US\" \/>\n<meta property=\"og:type\" content=\"article\" \/>\n<meta property=\"og:title\" content=\"Customer Engagement - Cum s\u0103 anticip\u0103m ce, unde \u0219i cum vor clien\u021bii\" \/>\n<meta property=\"og:description\" content=\"Customer Engagement Cum s\u0103 anticip\u0103m ce, unde \u0219i cum vor clien\u021bii s\u0103 le fie oferite serviciile noastre? \u201c\u00cen fiecare client vechi se afl\u0103 unul nou care a\u0219teapt\u0103 s\u0103 ias\u0103 \u0219i s\u0103 cheltuie mai mul\u021bi bani cu tine.\u201d Murray Raphel Module Customer engagement \u2013 secretul loializ\u0103rii De ce vin clien\u021bii? De ce vor s\u0103 plece clien\u021bii?\" \/>\n<meta property=\"og:url\" content=\"https:\/\/www.learningpro.ro\/training\/customer-engagement\/\" \/>\n<meta property=\"og:site_name\" content=\"Learning Pro\" \/>\n<meta property=\"article:publisher\" content=\"https:\/\/www.facebook.com\/learningpro\/\" \/>\n<meta property=\"article:modified_time\" content=\"2018-03-05T13:40:01+00:00\" \/>\n<meta name=\"twitter:card\" content=\"summary_large_image\" \/>\n<meta name=\"twitter:site\" content=\"@Learning_Pro\" \/>\n<meta name=\"twitter:label1\" content=\"Est. reading time\" \/>\n\t<meta name=\"twitter:data1\" content=\"3 minutes\" \/>\n<script type=\"application\/ld+json\" class=\"yoast-schema-graph\">{\"@context\":\"https:\/\/schema.org\",\"@graph\":[{\"@type\":\"WebPage\",\"@id\":\"https:\/\/www.learningpro.ro\/training\/customer-engagement\/\",\"url\":\"https:\/\/www.learningpro.ro\/training\/customer-engagement\/\",\"name\":\"Customer Engagement - Cum s\u0103 anticip\u0103m ce, unde \u0219i cum vor clien\u021bii\",\"isPartOf\":{\"@id\":\"https:\/\/www.learningpro.ro\/#website\"},\"datePublished\":\"2018-02-07T11:19:35+00:00\",\"dateModified\":\"2018-03-05T13:40:01+00:00\",\"description\":\"Customer Engagement Cum s\u0103 anticip\u0103m ce, unde \u0219i cum vor clien\u021bii s\u0103 le fie oferite serviciile noastre? \u201c\u00cen fiecare client vechi se afl\u0103 unul nou care a\u0219teapt\u0103 s\u0103 ias\u0103 \u0219i s\u0103 cheltuie mai mul\u021bi bani cu tine.\u201d Murray Raphel Module Customer engagement \u2013 secretul loializ\u0103rii De ce vin clien\u021bii? De ce vor s\u0103 plece clien\u021bii?\",\"breadcrumb\":{\"@id\":\"https:\/\/www.learningpro.ro\/training\/customer-engagement\/#breadcrumb\"},\"inLanguage\":\"en-US\",\"potentialAction\":[{\"@type\":\"ReadAction\",\"target\":[\"https:\/\/www.learningpro.ro\/training\/customer-engagement\/\"]}]},{\"@type\":\"BreadcrumbList\",\"@id\":\"https:\/\/www.learningpro.ro\/training\/customer-engagement\/#breadcrumb\",\"itemListElement\":[{\"@type\":\"ListItem\",\"position\":1,\"name\":\"Prima pagin\u0103\",\"item\":\"https:\/\/www.learningpro.ro\/\"},{\"@type\":\"ListItem\",\"position\":2,\"name\":\"Training\",\"item\":\"https:\/\/www.learningpro.ro\/training\/\"},{\"@type\":\"ListItem\",\"position\":3,\"name\":\"Customer Engagement\"}]},{\"@type\":\"WebSite\",\"@id\":\"https:\/\/www.learningpro.ro\/#website\",\"url\":\"https:\/\/www.learningpro.ro\/\",\"name\":\"Learning Pro\",\"description\":\"Your Knowledge Journey\",\"publisher\":{\"@id\":\"https:\/\/www.learningpro.ro\/#organization\"},\"potentialAction\":[{\"@type\":\"SearchAction\",\"target\":{\"@type\":\"EntryPoint\",\"urlTemplate\":\"https:\/\/www.learningpro.ro\/?s={search_term_string}\"},\"query-input\":{\"@type\":\"PropertyValueSpecification\",\"valueRequired\":true,\"valueName\":\"search_term_string\"}}],\"inLanguage\":\"en-US\"},{\"@type\":\"Organization\",\"@id\":\"https:\/\/www.learningpro.ro\/#organization\",\"name\":\"Learning Pro\",\"alternateName\":\"Learning Pro Consulting\",\"url\":\"https:\/\/www.learningpro.ro\/\",\"logo\":{\"@type\":\"ImageObject\",\"inLanguage\":\"en-US\",\"@id\":\"https:\/\/www.learningpro.ro\/#\/schema\/logo\/image\/\",\"url\":\"https:\/\/www.learningpro.ro\/wp-content\/uploads\/2023\/02\/Learning-Pro.svg\",\"contentUrl\":\"https:\/\/www.learningpro.ro\/wp-content\/uploads\/2023\/02\/Learning-Pro.svg\",\"width\":1,\"height\":1,\"caption\":\"Learning Pro\"},\"image\":{\"@id\":\"https:\/\/www.learningpro.ro\/#\/schema\/logo\/image\/\"},\"sameAs\":[\"https:\/\/www.facebook.com\/learningpro\/\",\"https:\/\/x.com\/Learning_Pro\",\"https:\/\/www.linkedin.com\/company\/LearningPro\/\",\"https:\/\/ro.pinterest.com\/learningpro\/\",\"https:\/\/www.youtube.com\/user\/LearningProTV\"]}]}<\/script>\n<!-- \/ Yoast SEO plugin. -->","yoast_head_json":{"title":"Customer Engagement - Cum s\u0103 anticip\u0103m ce, unde \u0219i cum vor clien\u021bii","description":"Customer Engagement Cum s\u0103 anticip\u0103m ce, unde \u0219i cum vor clien\u021bii s\u0103 le fie oferite serviciile noastre? \u201c\u00cen fiecare client vechi se afl\u0103 unul nou care a\u0219teapt\u0103 s\u0103 ias\u0103 \u0219i s\u0103 cheltuie mai mul\u021bi bani cu tine.\u201d Murray Raphel Module Customer engagement \u2013 secretul loializ\u0103rii De ce vin clien\u021bii? De ce vor s\u0103 plece clien\u021bii?","robots":{"index":"index","follow":"follow","max-snippet":"max-snippet:-1","max-image-preview":"max-image-preview:large","max-video-preview":"max-video-preview:-1"},"canonical":"https:\/\/www.learningpro.ro\/training\/customer-engagement\/","og_locale":"en_US","og_type":"article","og_title":"Customer Engagement - Cum s\u0103 anticip\u0103m ce, unde \u0219i cum vor clien\u021bii","og_description":"Customer Engagement Cum s\u0103 anticip\u0103m ce, unde \u0219i cum vor clien\u021bii s\u0103 le fie oferite serviciile noastre? \u201c\u00cen fiecare client vechi se afl\u0103 unul nou care a\u0219teapt\u0103 s\u0103 ias\u0103 \u0219i s\u0103 cheltuie mai mul\u021bi bani cu tine.\u201d Murray Raphel Module Customer engagement \u2013 secretul loializ\u0103rii De ce vin clien\u021bii? De ce vor s\u0103 plece clien\u021bii?","og_url":"https:\/\/www.learningpro.ro\/training\/customer-engagement\/","og_site_name":"Learning Pro","article_publisher":"https:\/\/www.facebook.com\/learningpro\/","article_modified_time":"2018-03-05T13:40:01+00:00","twitter_card":"summary_large_image","twitter_site":"@Learning_Pro","twitter_misc":{"Est. reading time":"3 minutes"},"schema":{"@context":"https:\/\/schema.org","@graph":[{"@type":"WebPage","@id":"https:\/\/www.learningpro.ro\/training\/customer-engagement\/","url":"https:\/\/www.learningpro.ro\/training\/customer-engagement\/","name":"Customer Engagement - Cum s\u0103 anticip\u0103m ce, unde \u0219i cum vor clien\u021bii","isPartOf":{"@id":"https:\/\/www.learningpro.ro\/#website"},"datePublished":"2018-02-07T11:19:35+00:00","dateModified":"2018-03-05T13:40:01+00:00","description":"Customer Engagement Cum s\u0103 anticip\u0103m ce, unde \u0219i cum vor clien\u021bii s\u0103 le fie oferite serviciile noastre? \u201c\u00cen fiecare client vechi se afl\u0103 unul nou care a\u0219teapt\u0103 s\u0103 ias\u0103 \u0219i s\u0103 cheltuie mai mul\u021bi bani cu tine.\u201d Murray Raphel Module Customer engagement \u2013 secretul loializ\u0103rii De ce vin clien\u021bii? De ce vor s\u0103 plece clien\u021bii?","breadcrumb":{"@id":"https:\/\/www.learningpro.ro\/training\/customer-engagement\/#breadcrumb"},"inLanguage":"en-US","potentialAction":[{"@type":"ReadAction","target":["https:\/\/www.learningpro.ro\/training\/customer-engagement\/"]}]},{"@type":"BreadcrumbList","@id":"https:\/\/www.learningpro.ro\/training\/customer-engagement\/#breadcrumb","itemListElement":[{"@type":"ListItem","position":1,"name":"Prima pagin\u0103","item":"https:\/\/www.learningpro.ro\/"},{"@type":"ListItem","position":2,"name":"Training","item":"https:\/\/www.learningpro.ro\/training\/"},{"@type":"ListItem","position":3,"name":"Customer Engagement"}]},{"@type":"WebSite","@id":"https:\/\/www.learningpro.ro\/#website","url":"https:\/\/www.learningpro.ro\/","name":"Learning Pro","description":"Your Knowledge Journey","publisher":{"@id":"https:\/\/www.learningpro.ro\/#organization"},"potentialAction":[{"@type":"SearchAction","target":{"@type":"EntryPoint","urlTemplate":"https:\/\/www.learningpro.ro\/?s={search_term_string}"},"query-input":{"@type":"PropertyValueSpecification","valueRequired":true,"valueName":"search_term_string"}}],"inLanguage":"en-US"},{"@type":"Organization","@id":"https:\/\/www.learningpro.ro\/#organization","name":"Learning Pro","alternateName":"Learning Pro Consulting","url":"https:\/\/www.learningpro.ro\/","logo":{"@type":"ImageObject","inLanguage":"en-US","@id":"https:\/\/www.learningpro.ro\/#\/schema\/logo\/image\/","url":"https:\/\/www.learningpro.ro\/wp-content\/uploads\/2023\/02\/Learning-Pro.svg","contentUrl":"https:\/\/www.learningpro.ro\/wp-content\/uploads\/2023\/02\/Learning-Pro.svg","width":1,"height":1,"caption":"Learning Pro"},"image":{"@id":"https:\/\/www.learningpro.ro\/#\/schema\/logo\/image\/"},"sameAs":["https:\/\/www.facebook.com\/learningpro\/","https:\/\/x.com\/Learning_Pro","https:\/\/www.linkedin.com\/company\/LearningPro\/","https:\/\/ro.pinterest.com\/learningpro\/","https:\/\/www.youtube.com\/user\/LearningProTV"]}]}},"_links":{"self":[{"href":"https:\/\/www.learningpro.ro\/en\/wp-json\/wp\/v2\/pages\/309","targetHints":{"allow":["GET"]}}],"collection":[{"href":"https:\/\/www.learningpro.ro\/en\/wp-json\/wp\/v2\/pages"}],"about":[{"href":"https:\/\/www.learningpro.ro\/en\/wp-json\/wp\/v2\/types\/page"}],"author":[{"embeddable":true,"href":"https:\/\/www.learningpro.ro\/en\/wp-json\/wp\/v2\/users\/1"}],"replies":[{"embeddable":true,"href":"https:\/\/www.learningpro.ro\/en\/wp-json\/wp\/v2\/comments?post=309"}],"version-history":[{"count":12,"href":"https:\/\/www.learningpro.ro\/en\/wp-json\/wp\/v2\/pages\/309\/revisions"}],"predecessor-version":[{"id":905,"href":"https:\/\/www.learningpro.ro\/en\/wp-json\/wp\/v2\/pages\/309\/revisions\/905"}],"up":[{"embeddable":true,"href":"https:\/\/www.learningpro.ro\/en\/wp-json\/wp\/v2\/pages\/305"}],"wp:attachment":[{"href":"https:\/\/www.learningpro.ro\/en\/wp-json\/wp\/v2\/media?parent=309"}],"curies":[{"name":"wp","href":"https:\/\/api.w.org\/{rel}","templated":true}]}}