{"id":305,"date":"2018-02-07T11:08:36","date_gmt":"2018-02-07T11:08:36","guid":{"rendered":"http:\/\/www.learningpro.ro\/?page_id=305"},"modified":"2018-03-05T09:22:29","modified_gmt":"2018-03-05T09:22:29","slug":"training","status":"publish","type":"page","link":"https:\/\/www.learningpro.ro\/en\/training\/","title":{"rendered":"Training"},"content":{"rendered":"<p>[vc_row full_width=&#8221;stretch_row&#8221; css=&#8221;.vc_custom_1518066064488{padding-top: 110px !important;padding-bottom: 110px !important;background-image: url(http:\/\/www.learningpro.ro\/wp-content\/uploads\/2018\/02\/traininguri.jpg?id=385) !important;background-position: center !important;background-repeat: no-repeat !important;background-size: cover !important;}&#8221;][vc_column][vc_column_text el_class=&#8221;alb&#8221;]<\/p>\n<h1 style=\"text-align: center;\">Training<\/h1>\n<p>[\/vc_column_text][\/vc_column][\/vc_row][vc_row gap=&#8221;20&#8243; equal_height=&#8221;yes&#8221; content_placement=&#8221;middle&#8221; css=&#8221;.vc_custom_1518066713637{padding-top: 30px !important;}&#8221;][vc_column width=&#8221;1\/2&#8243; css=&#8221;.vc_custom_1518066168920{padding-top: 30px !important;padding-bottom: 30px !important;background-image: url(http:\/\/www.learningpro.ro\/wp-content\/uploads\/2018\/02\/Customer-engagement-bg.jpg?id=310) !important;background-position: center !important;background-repeat: no-repeat !important;background-size: cover !important;}&#8221;][vc_column_text el_class=&#8221;alb&#8221; css=&#8221;.vc_custom_1520241457912{padding-top: 30px !important;}&#8221;]<\/p>\n<h2 style=\"text-align: center;\">Customer Engagement<\/h2>\n<p style=\"text-align: center;\">How do we anticipate what, where and how<br \/>\ncustomers want our services to be offered?<\/p>\n<p style=\"text-align: center;\"><a   class=\"button  button_size_2\"  href=\"http:\/\/www.learningpro.ro\/training\/customer-engagement\/\"     title=\"\"><span class=\"button_label\">DETAILS<\/span><\/a>\n<\/p>\n<p>[\/vc_column_text][\/vc_column][vc_column width=&#8221;1\/2&#8243; css=&#8221;.vc_custom_1518066270972{padding-top: 30px !important;padding-bottom: 30px !important;background-image: url(http:\/\/www.learningpro.ro\/wp-content\/uploads\/2018\/02\/customercare01.jpg?id=335) !important;background-position: center !important;background-repeat: no-repeat !important;background-size: cover !important;}&#8221;][vc_column_text el_class=&#8221;alb&#8221; css=&#8221;.vc_custom_1520241448668{padding-top: 30px !important;}&#8221;]<\/p>\n<h2 style=\"text-align: center;\">Customer Care<\/h2>\n<p style=\"text-align: center;\">How to understand the expectations of our customers<br \/>\nand offer them a memorable experience?<\/p>\n<p style=\"text-align: center;\"><a   class=\"button  button_size_2\"  href=\"http:\/\/www.learningpro.ro\/training\/customer-care\/\"     title=\"\"><span class=\"button_label\">DETAILS<\/span><\/a>\n<\/p>\n<p>[\/vc_column_text][\/vc_column][\/vc_row][vc_row gap=&#8221;20&#8243; equal_height=&#8221;yes&#8221; content_placement=&#8221;middle&#8221;][vc_column width=&#8221;1\/2&#8243; css=&#8221;.vc_custom_1518066588873{padding-top: 30px !important;padding-bottom: 30px !important;background-image: url(http:\/\/www.learningpro.ro\/wp-content\/uploads\/2018\/02\/vanzari-hr.jpg?id=348) !important;background-position: center !important;background-repeat: no-repeat !important;background-size: cover !important;}&#8221;][vc_column_text el_class=&#8221;alb&#8221; css=&#8221;.vc_custom_1520239392849{padding-top: 30px !important;}&#8221;]<\/p>\n<h2 style=\"text-align: center;\">Sales<\/h2>\n<p style=\"text-align: center;\">The structured sales approach.<br \/>\nHow to prepare and complete sales that bring value to customers?<\/p>\n<p style=\"text-align: center;\"><a   class=\"button  button_size_2\"  href=\"http:\/\/www.learningpro.ro\/training\/vanzari\/\"     title=\"\"><span class=\"button_label\">DETAILS<\/span><\/a>\n<\/p>\n<p>[\/vc_column_text][\/vc_column][vc_column width=&#8221;1\/2&#8243; css=&#8221;.vc_custom_1518066626154{padding-top: 30px !important;padding-bottom: 30px !important;background-image: url(http:\/\/www.learningpro.ro\/wp-content\/uploads\/2018\/02\/training-management.jpg?id=353) !important;background-position: center !important;background-repeat: no-repeat !important;background-size: cover !important;}&#8221;][vc_column_text el_class=&#8221;alb&#8221; css=&#8221;.vc_custom_1520241435374{padding-top: 30px !important;}&#8221;]<\/p>\n<h2 style=\"text-align: center;\">Management<\/h2>\n<p style=\"text-align: center;\">Leading Self, Leading Others,<br \/>\nLeading Business and Leading Change<\/p>\n<p style=\"text-align: center;\"><a   class=\"button  button_size_2\"  href=\"http:\/\/www.learningpro.ro\/training\/management\/\"     title=\"\"><span class=\"button_label\">DETAILS<\/span><\/a>\n<\/p>\n<p>[\/vc_column_text][\/vc_column][\/vc_row][vc_row gap=&#8221;20&#8243; equal_height=&#8221;yes&#8221; content_placement=&#8221;middle&#8221; css=&#8221;.vc_custom_1518092655348{padding-bottom: 20px !important;}&#8221;][vc_column width=&#8221;1\/2&#8243; css=&#8221;.vc_custom_1518066646567{padding-top: 30px !important;padding-bottom: 30px !important;background-image: url(http:\/\/www.learningpro.ro\/wp-content\/uploads\/2018\/02\/training-consultanta-1.jpg?id=377) !important;background-position: center !important;background-repeat: no-repeat !important;background-size: cover !important;}&#8221;][vc_column_text el_class=&#8221;alb&#8221; css=&#8221;.vc_custom_1520241489779{padding-top: 30px !important;}&#8221;]<\/p>\n<h2 style=\"text-align: center;\">Consulting<\/h2>\n<p style=\"text-align: center;\">Our consulting solutions offer customers<br \/>\na holistic approach to the business needs.<\/p>\n<p style=\"text-align: center;\"><a   class=\"button  button_size_2\"  href=\"http:\/\/www.learningpro.ro\/training\/consultanta\/\"     title=\"\"><span class=\"button_label\">DETAILS<\/span><\/a>\n<\/p>\n<p>[\/vc_column_text][\/vc_column][vc_column width=&#8221;1\/2&#8243; css=&#8221;.vc_custom_1518066635947{padding-top: 30px !important;padding-bottom: 30px !important;background-position: center !important;background-repeat: no-repeat !important;background-size: cover !important;}&#8221;][\/vc_column][\/vc_row]<\/p>\n","protected":false},"excerpt":{"rendered":"<p>[vc_row full_width=&#8221;stretch_row&#8221; css=&#8221;.vc_custom_1518066064488{padding-top: 110px !important;padding-bottom: 110px !important;background-image: url(http:\/\/www.learningpro.ro\/wp-content\/uploads\/2018\/02\/traininguri.jpg?id=385) !important;background-position: center !important;background-repeat: no-repeat !important;background-size: cover !important;}&#8221;][vc_column][vc_column_text el_class=&#8221;alb&#8221;] Training [\/vc_column_text][\/vc_column][\/vc_row][vc_row gap=&#8221;20&#8243; equal_height=&#8221;yes&#8221; content_placement=&#8221;middle&#8221; css=&#8221;.vc_custom_1518066713637{padding-top: 30px !important;}&#8221;][vc_column width=&#8221;1\/2&#8243; css=&#8221;.vc_custom_1518066168920{padding-top: 30px !important;padding-bottom: 30px !important;background-image: url(http:\/\/www.learningpro.ro\/wp-content\/uploads\/2018\/02\/Customer-engagement-bg.jpg?id=310) !important;background-position: center !important;background-repeat: no-repeat !important;background-size: cover !important;}&#8221;][vc_column_text el_class=&#8221;alb&#8221; css=&#8221;.vc_custom_1520241457912{padding-top: 30px !important;}&#8221;] Customer Engagement How do we anticipate what, where<span class=\"excerpt-hellip\"> [\u2026]<\/span><\/p>\n","protected":false},"author":1,"featured_media":0,"parent":0,"menu_order":0,"comment_status":"closed","ping_status":"closed","template":"","meta":{"footnotes":""},"class_list":["post-305","page","type-page","status-publish","hentry"],"yoast_head":"<!-- This site is optimized with the Yoast SEO plugin v27.2 - https:\/\/yoast.com\/product\/yoast-seo-wordpress\/ -->\n<title>Training - Customer Engagement, Customer Care, V\u00e2nz\u0103ri, Management<\/title>\n<meta name=\"description\" content=\"Training Customer Engagement Cum s\u0103 anticip\u0103m ce, unde \u0219i cum vor clien\u021bii s\u0103 le fie oferite serviciile noastre? Customer Care Cum s\u0103 \u00een\u021belegem a\u0219tept\u0103rile clien\u021bilor \u0219i s\u0103 le oferim o experien\u021b\u0103 memorabil\u0103? V\u00e2nz\u0103ri Abordarea structurat\u0103 a v\u00e2nz\u0103rilor. Cum s\u0103 preg\u0103tim \u0219i s\u0103 \u00eencheiem v\u00e2nz\u0103ri care aduc valoare clien\u021bilor?\" \/>\n<meta name=\"robots\" content=\"index, follow, max-snippet:-1, max-image-preview:large, max-video-preview:-1\" \/>\n<link rel=\"canonical\" href=\"https:\/\/www.learningpro.ro\/training\/\" \/>\n<meta property=\"og:locale\" content=\"en_US\" \/>\n<meta property=\"og:type\" content=\"article\" \/>\n<meta property=\"og:title\" content=\"Training - Customer Engagement, Customer Care, V\u00e2nz\u0103ri, Management\" \/>\n<meta property=\"og:description\" content=\"Training Customer Engagement Cum s\u0103 anticip\u0103m ce, unde \u0219i cum vor clien\u021bii s\u0103 le fie oferite serviciile noastre? Customer Care Cum s\u0103 \u00een\u021belegem a\u0219tept\u0103rile clien\u021bilor \u0219i s\u0103 le oferim o experien\u021b\u0103 memorabil\u0103? V\u00e2nz\u0103ri Abordarea structurat\u0103 a v\u00e2nz\u0103rilor. Cum s\u0103 preg\u0103tim \u0219i s\u0103 \u00eencheiem v\u00e2nz\u0103ri care aduc valoare clien\u021bilor?\" \/>\n<meta property=\"og:url\" content=\"https:\/\/www.learningpro.ro\/training\/\" \/>\n<meta property=\"og:site_name\" content=\"Learning Pro\" \/>\n<meta property=\"article:publisher\" content=\"https:\/\/www.facebook.com\/learningpro\/\" \/>\n<meta property=\"article:modified_time\" content=\"2018-03-05T09:22:29+00:00\" \/>\n<meta name=\"twitter:card\" content=\"summary_large_image\" \/>\n<meta name=\"twitter:site\" content=\"@Learning_Pro\" \/>\n<meta name=\"twitter:label1\" content=\"Est. reading time\" \/>\n\t<meta name=\"twitter:data1\" content=\"3 minutes\" \/>\n<script type=\"application\/ld+json\" class=\"yoast-schema-graph\">{\"@context\":\"https:\/\/schema.org\",\"@graph\":[{\"@type\":\"WebPage\",\"@id\":\"https:\/\/www.learningpro.ro\/training\/\",\"url\":\"https:\/\/www.learningpro.ro\/training\/\",\"name\":\"Training - Customer Engagement, Customer Care, V\u00e2nz\u0103ri, Management\",\"isPartOf\":{\"@id\":\"https:\/\/www.learningpro.ro\/#website\"},\"datePublished\":\"2018-02-07T11:08:36+00:00\",\"dateModified\":\"2018-03-05T09:22:29+00:00\",\"description\":\"Training Customer Engagement Cum s\u0103 anticip\u0103m ce, unde \u0219i cum vor clien\u021bii s\u0103 le fie oferite serviciile noastre? Customer Care Cum s\u0103 \u00een\u021belegem a\u0219tept\u0103rile clien\u021bilor \u0219i s\u0103 le oferim o experien\u021b\u0103 memorabil\u0103? V\u00e2nz\u0103ri Abordarea structurat\u0103 a v\u00e2nz\u0103rilor. Cum s\u0103 preg\u0103tim \u0219i s\u0103 \u00eencheiem v\u00e2nz\u0103ri care aduc valoare clien\u021bilor?\",\"breadcrumb\":{\"@id\":\"https:\/\/www.learningpro.ro\/training\/#breadcrumb\"},\"inLanguage\":\"en-US\",\"potentialAction\":[{\"@type\":\"ReadAction\",\"target\":[\"https:\/\/www.learningpro.ro\/training\/\"]}]},{\"@type\":\"BreadcrumbList\",\"@id\":\"https:\/\/www.learningpro.ro\/training\/#breadcrumb\",\"itemListElement\":[{\"@type\":\"ListItem\",\"position\":1,\"name\":\"Prima pagin\u0103\",\"item\":\"https:\/\/www.learningpro.ro\/\"},{\"@type\":\"ListItem\",\"position\":2,\"name\":\"Training\"}]},{\"@type\":\"WebSite\",\"@id\":\"https:\/\/www.learningpro.ro\/#website\",\"url\":\"https:\/\/www.learningpro.ro\/\",\"name\":\"Learning Pro\",\"description\":\"Your Knowledge Journey\",\"publisher\":{\"@id\":\"https:\/\/www.learningpro.ro\/#organization\"},\"potentialAction\":[{\"@type\":\"SearchAction\",\"target\":{\"@type\":\"EntryPoint\",\"urlTemplate\":\"https:\/\/www.learningpro.ro\/?s={search_term_string}\"},\"query-input\":{\"@type\":\"PropertyValueSpecification\",\"valueRequired\":true,\"valueName\":\"search_term_string\"}}],\"inLanguage\":\"en-US\"},{\"@type\":\"Organization\",\"@id\":\"https:\/\/www.learningpro.ro\/#organization\",\"name\":\"Learning Pro\",\"alternateName\":\"Learning Pro Consulting\",\"url\":\"https:\/\/www.learningpro.ro\/\",\"logo\":{\"@type\":\"ImageObject\",\"inLanguage\":\"en-US\",\"@id\":\"https:\/\/www.learningpro.ro\/#\/schema\/logo\/image\/\",\"url\":\"https:\/\/www.learningpro.ro\/wp-content\/uploads\/2023\/02\/Learning-Pro.svg\",\"contentUrl\":\"https:\/\/www.learningpro.ro\/wp-content\/uploads\/2023\/02\/Learning-Pro.svg\",\"width\":1,\"height\":1,\"caption\":\"Learning Pro\"},\"image\":{\"@id\":\"https:\/\/www.learningpro.ro\/#\/schema\/logo\/image\/\"},\"sameAs\":[\"https:\/\/www.facebook.com\/learningpro\/\",\"https:\/\/x.com\/Learning_Pro\",\"https:\/\/www.linkedin.com\/company\/LearningPro\/\",\"https:\/\/ro.pinterest.com\/learningpro\/\",\"https:\/\/www.youtube.com\/user\/LearningProTV\"]}]}<\/script>\n<!-- \/ Yoast SEO plugin. -->","yoast_head_json":{"title":"Training - Customer Engagement, Customer Care, V\u00e2nz\u0103ri, Management","description":"Training Customer Engagement Cum s\u0103 anticip\u0103m ce, unde \u0219i cum vor clien\u021bii s\u0103 le fie oferite serviciile noastre? Customer Care Cum s\u0103 \u00een\u021belegem a\u0219tept\u0103rile clien\u021bilor \u0219i s\u0103 le oferim o experien\u021b\u0103 memorabil\u0103? V\u00e2nz\u0103ri Abordarea structurat\u0103 a v\u00e2nz\u0103rilor. Cum s\u0103 preg\u0103tim \u0219i s\u0103 \u00eencheiem v\u00e2nz\u0103ri care aduc valoare clien\u021bilor?","robots":{"index":"index","follow":"follow","max-snippet":"max-snippet:-1","max-image-preview":"max-image-preview:large","max-video-preview":"max-video-preview:-1"},"canonical":"https:\/\/www.learningpro.ro\/training\/","og_locale":"en_US","og_type":"article","og_title":"Training - Customer Engagement, Customer Care, V\u00e2nz\u0103ri, Management","og_description":"Training Customer Engagement Cum s\u0103 anticip\u0103m ce, unde \u0219i cum vor clien\u021bii s\u0103 le fie oferite serviciile noastre? Customer Care Cum s\u0103 \u00een\u021belegem a\u0219tept\u0103rile clien\u021bilor \u0219i s\u0103 le oferim o experien\u021b\u0103 memorabil\u0103? V\u00e2nz\u0103ri Abordarea structurat\u0103 a v\u00e2nz\u0103rilor. Cum s\u0103 preg\u0103tim \u0219i s\u0103 \u00eencheiem v\u00e2nz\u0103ri care aduc valoare clien\u021bilor?","og_url":"https:\/\/www.learningpro.ro\/training\/","og_site_name":"Learning Pro","article_publisher":"https:\/\/www.facebook.com\/learningpro\/","article_modified_time":"2018-03-05T09:22:29+00:00","twitter_card":"summary_large_image","twitter_site":"@Learning_Pro","twitter_misc":{"Est. reading time":"3 minutes"},"schema":{"@context":"https:\/\/schema.org","@graph":[{"@type":"WebPage","@id":"https:\/\/www.learningpro.ro\/training\/","url":"https:\/\/www.learningpro.ro\/training\/","name":"Training - Customer Engagement, Customer Care, V\u00e2nz\u0103ri, Management","isPartOf":{"@id":"https:\/\/www.learningpro.ro\/#website"},"datePublished":"2018-02-07T11:08:36+00:00","dateModified":"2018-03-05T09:22:29+00:00","description":"Training Customer Engagement Cum s\u0103 anticip\u0103m ce, unde \u0219i cum vor clien\u021bii s\u0103 le fie oferite serviciile noastre? Customer Care Cum s\u0103 \u00een\u021belegem a\u0219tept\u0103rile clien\u021bilor \u0219i s\u0103 le oferim o experien\u021b\u0103 memorabil\u0103? V\u00e2nz\u0103ri Abordarea structurat\u0103 a v\u00e2nz\u0103rilor. Cum s\u0103 preg\u0103tim \u0219i s\u0103 \u00eencheiem v\u00e2nz\u0103ri care aduc valoare clien\u021bilor?","breadcrumb":{"@id":"https:\/\/www.learningpro.ro\/training\/#breadcrumb"},"inLanguage":"en-US","potentialAction":[{"@type":"ReadAction","target":["https:\/\/www.learningpro.ro\/training\/"]}]},{"@type":"BreadcrumbList","@id":"https:\/\/www.learningpro.ro\/training\/#breadcrumb","itemListElement":[{"@type":"ListItem","position":1,"name":"Prima pagin\u0103","item":"https:\/\/www.learningpro.ro\/"},{"@type":"ListItem","position":2,"name":"Training"}]},{"@type":"WebSite","@id":"https:\/\/www.learningpro.ro\/#website","url":"https:\/\/www.learningpro.ro\/","name":"Learning Pro","description":"Your Knowledge Journey","publisher":{"@id":"https:\/\/www.learningpro.ro\/#organization"},"potentialAction":[{"@type":"SearchAction","target":{"@type":"EntryPoint","urlTemplate":"https:\/\/www.learningpro.ro\/?s={search_term_string}"},"query-input":{"@type":"PropertyValueSpecification","valueRequired":true,"valueName":"search_term_string"}}],"inLanguage":"en-US"},{"@type":"Organization","@id":"https:\/\/www.learningpro.ro\/#organization","name":"Learning Pro","alternateName":"Learning Pro Consulting","url":"https:\/\/www.learningpro.ro\/","logo":{"@type":"ImageObject","inLanguage":"en-US","@id":"https:\/\/www.learningpro.ro\/#\/schema\/logo\/image\/","url":"https:\/\/www.learningpro.ro\/wp-content\/uploads\/2023\/02\/Learning-Pro.svg","contentUrl":"https:\/\/www.learningpro.ro\/wp-content\/uploads\/2023\/02\/Learning-Pro.svg","width":1,"height":1,"caption":"Learning Pro"},"image":{"@id":"https:\/\/www.learningpro.ro\/#\/schema\/logo\/image\/"},"sameAs":["https:\/\/www.facebook.com\/learningpro\/","https:\/\/x.com\/Learning_Pro","https:\/\/www.linkedin.com\/company\/LearningPro\/","https:\/\/ro.pinterest.com\/learningpro\/","https:\/\/www.youtube.com\/user\/LearningProTV"]}]}},"_links":{"self":[{"href":"https:\/\/www.learningpro.ro\/en\/wp-json\/wp\/v2\/pages\/305","targetHints":{"allow":["GET"]}}],"collection":[{"href":"https:\/\/www.learningpro.ro\/en\/wp-json\/wp\/v2\/pages"}],"about":[{"href":"https:\/\/www.learningpro.ro\/en\/wp-json\/wp\/v2\/types\/page"}],"author":[{"embeddable":true,"href":"https:\/\/www.learningpro.ro\/en\/wp-json\/wp\/v2\/users\/1"}],"replies":[{"embeddable":true,"href":"https:\/\/www.learningpro.ro\/en\/wp-json\/wp\/v2\/comments?post=305"}],"version-history":[{"count":15,"href":"https:\/\/www.learningpro.ro\/en\/wp-json\/wp\/v2\/pages\/305\/revisions"}],"predecessor-version":[{"id":855,"href":"https:\/\/www.learningpro.ro\/en\/wp-json\/wp\/v2\/pages\/305\/revisions\/855"}],"wp:attachment":[{"href":"https:\/\/www.learningpro.ro\/en\/wp-json\/wp\/v2\/media?parent=305"}],"curies":[{"name":"wp","href":"https:\/\/api.w.org\/{rel}","templated":true}]}}